{"id":1182,"date":"2023-10-19T16:25:06","date_gmt":"2023-10-19T16:25:06","guid":{"rendered":"http:\/\/calespachs.local.jamgo.org\/processus-productif\/"},"modified":"2023-11-12T18:19:55","modified_gmt":"2023-11-12T18:19:55","slug":"processus-productif","status":"publish","type":"page","link":"https:\/\/www.calespachs.com\/fr\/processus-productif\/","title":{"rendered":"PROCESSUS PRODUCTIF"},"content":{"rendered":"\n<p class=\"has-text-align-center has-large-font-size\">L&rsquo;importance de suivre un bon processus productif<\/p>\n\n<p class=\"has-text-align-center has-medium-font-size\">Le processus de production commence dans la carri\u00e8re o\u00f9 se trouve notre mati\u00e8re premi\u00e8re, la pierre calcaire (carbonate de calcium).&#13;\n&#13;\n<\/p>\n\n<div class=\"wp-block-columns is-layout-flex wp-container-core-columns-is-layout-9d6595d7 wp-block-columns-is-layout-flex\">\n<div class=\"wp-block-column is-layout-flow wp-block-column-is-layout-flow\">\n<h1 class=\"wp-block-heading has-black-color has-text-color\">Extraction<\/h1>\n\n\n\n<p>La pierre \u00e0 chaux est extraite par dynamitage contr\u00f4l\u00e9, ensuite elle est concass\u00e9e et class\u00e9e par taille. Les tailles entre 20 et 80 millim\u00e8tres sont destin\u00e9es \u00e0 la fabrication de la chaux, et les plus petites tailles se r\u00e9servent pour l\u2019obtention d\u2019agr\u00e9gats calcaires.&#13;\n&#13;\n<\/p>\n<\/div>\n\n\n\n<div class=\"wp-block-column is-layout-flow wp-block-column-is-layout-flow\">\n<figure class=\"wp-block-image size-full\"><img loading=\"lazy\" decoding=\"async\" width=\"800\" height=\"600\" src=\"http:\/\/calespachs.local.jamgo.org\/wp-content\/uploads\/2023\/10\/proceso-extraccion.jpg\" alt=\"\" class=\"wp-image-1143\" srcset=\"https:\/\/www.calespachs.com\/wp-content\/uploads\/2023\/10\/proceso-extraccion.jpg 800w, https:\/\/www.calespachs.com\/wp-content\/uploads\/2023\/10\/proceso-extraccion-300x225.jpg 300w, https:\/\/www.calespachs.com\/wp-content\/uploads\/2023\/10\/proceso-extraccion-768x576.jpg 768w\" sizes=\"auto, (max-width: 800px) 100vw, 800px\" \/><\/figure>\n<\/div>\n<\/div>\n\n<div class=\"wp-block-columns is-layout-flex wp-container-core-columns-is-layout-9d6595d7 wp-block-columns-is-layout-flex\">\n<div class=\"wp-block-column is-layout-flow wp-block-column-is-layout-flow\">\n<figure class=\"wp-block-image size-full\"><img loading=\"lazy\" decoding=\"async\" width=\"800\" height=\"600\" src=\"http:\/\/calespachs.local.jamgo.org\/wp-content\/uploads\/2023\/10\/proceso-calcinacion.jpg\" alt=\"\" class=\"wp-image-1147\" srcset=\"https:\/\/www.calespachs.com\/wp-content\/uploads\/2023\/10\/proceso-calcinacion.jpg 800w, https:\/\/www.calespachs.com\/wp-content\/uploads\/2023\/10\/proceso-calcinacion-300x225.jpg 300w, https:\/\/www.calespachs.com\/wp-content\/uploads\/2023\/10\/proceso-calcinacion-768x576.jpg 768w\" sizes=\"auto, (max-width: 800px) 100vw, 800px\" \/><\/figure>\n<\/div>\n\n\n\n<div class=\"wp-block-column is-layout-flow wp-block-column-is-layout-flow\">\n<h1 class=\"wp-block-heading has-black-color has-text-color\">Calcination<\/h1>\n\n\n\n<p>Apr\u00e8s avoir class\u00e9 la pierre, nous passons \u00e0 sa cuisson. La chaux a\u00e9rienne de calcium (chaux vive) est obtenue par calcination du calcaire contenant du carbonate de calcium (CaCO<sub>3<\/sub>) sup\u00e9rieur \u00e0 95% et \u00e0 une temp\u00e9rature comprise entre 900-1.100\u00b0C.<\/p>\n\n\n\n<p>L&rsquo;oxyde de calcium que nous produisons, a des caract\u00e9ristiques qui le diff\u00e9rencient du reste de la chaux sur le march\u00e9 en raison de son processus de cuisson, avec un indice \u00e9lev\u00e9 de r\u00e9activit\u00e9 id\u00e9ale pour certains proc\u00e9d\u00e9s industriels.<\/p>\n<\/div>\n<\/div>\n\n<div class=\"wp-block-columns is-layout-flex wp-container-core-columns-is-layout-9d6595d7 wp-block-columns-is-layout-flex\">\n<div class=\"wp-block-column is-layout-flow wp-block-column-is-layout-flow\">\n<h1 class=\"wp-block-heading has-black-color has-text-color\">Classement, broyage et micronisation<\/h1>\n\n\n\n<p>Lorsque nous avons obtenu l&rsquo;oxyde de calcium, il est class\u00e9 selon la taille et la qualit\u00e9, en fonction de son utilisation plus tard, pouvant \u00eatre exp\u00e9di\u00e9s dans des camions \u00e0 benne, camion-citerne pressuris\u00e9e et emball\u00e9es dans des big-bags ou dans des sacs.&#13;\n<\/p>\n<\/div>\n\n\n\n<div class=\"wp-block-column is-layout-flow wp-block-column-is-layout-flow\">\n<figure class=\"wp-block-image size-full\"><img loading=\"lazy\" decoding=\"async\" width=\"800\" height=\"600\" src=\"http:\/\/calespachs.local.jamgo.org\/wp-content\/uploads\/2023\/10\/proceso-clasificacion.jpg\" alt=\"\" class=\"wp-image-1151\" srcset=\"https:\/\/www.calespachs.com\/wp-content\/uploads\/2023\/10\/proceso-clasificacion.jpg 800w, https:\/\/www.calespachs.com\/wp-content\/uploads\/2023\/10\/proceso-clasificacion-300x225.jpg 300w, https:\/\/www.calespachs.com\/wp-content\/uploads\/2023\/10\/proceso-clasificacion-768x576.jpg 768w\" sizes=\"auto, (max-width: 800px) 100vw, 800px\" \/><\/figure>\n<\/div>\n<\/div>\n\n<div class=\"wp-block-columns is-layout-flex wp-container-core-columns-is-layout-9d6595d7 wp-block-columns-is-layout-flex\">\n<div class=\"wp-block-column is-layout-flow wp-block-column-is-layout-flow\">\n<figure class=\"wp-block-image size-full\"><img loading=\"lazy\" decoding=\"async\" width=\"800\" height=\"600\" src=\"http:\/\/calespachs.local.jamgo.org\/wp-content\/uploads\/2023\/10\/proceso-hidratacion.jpg\" alt=\"\" class=\"wp-image-1155\" srcset=\"https:\/\/www.calespachs.com\/wp-content\/uploads\/2023\/10\/proceso-hidratacion.jpg 800w, https:\/\/www.calespachs.com\/wp-content\/uploads\/2023\/10\/proceso-hidratacion-300x225.jpg 300w, https:\/\/www.calespachs.com\/wp-content\/uploads\/2023\/10\/proceso-hidratacion-768x576.jpg 768w\" sizes=\"auto, (max-width: 800px) 100vw, 800px\" \/><\/figure>\n<\/div>\n\n\n\n<div class=\"wp-block-column is-layout-flow wp-block-column-is-layout-flow\">\n<h1 class=\"wp-block-heading has-black-color has-text-color\">Hydratation<\/h1>\n\n\n\n<p>A une partie de cet oxyde de calcium, apr\u00e8s broyage, on y ajoute de mani\u00e8re contr\u00f4l\u00e9e de l\u2019eau pour le transformer en hydroxyde de calcium (chaux \u00e9teinte).<\/p>\n\n\n\n<p>Ce produit est livr\u00e9 dans des sacs et aussi en vrac dans des citernes sous pression et dans des big-bags. Sa taille est inf\u00e9rieure \u00e0 200 microns.&#13;\n<\/p>\n\n\n\n<p>Lors d&rsquo;une \u00e9tape interm\u00e9diaire du processus, l&rsquo;hydroxyde de calcium est tremp\u00e9 dans de l&rsquo;eau pour former une p\u00e2te pr\u00eate \u00e0 \u00eatre utilis\u00e9e et fourni dans des conteneurs de 1.000 litres.<\/p>\n<\/div>\n<\/div>\n\n<div class=\"wp-block-columns is-layout-flex wp-container-core-columns-is-layout-9d6595d7 wp-block-columns-is-layout-flex\">\n<div class=\"wp-block-column is-layout-flow wp-block-column-is-layout-flow\">\n<h1 class=\"wp-block-heading has-black-color has-text-color\">Contr\u00f4le de qualit\u00e9<\/h1>\n\n\n\n<p>Pour \u00eatre pr\u00e9sent plus de 50 ans dans le secteur, il faut offrir des produits de qualit\u00e9. Pour cette raison, CALES DE PACHS a des installations tr\u00e8s technologiques et dans nos processus de production nous avons mis en place un syst\u00e8me de contr\u00f4le de qualit\u00e9 strict qui garantit les diff\u00e9rentes propri\u00e9t\u00e9s de la chaux que nous fabriquons.<\/p>\n\n\n\n<p>Le produit est contr\u00f4l\u00e9 et analys\u00e9 dans les diff\u00e9rentes \u00e9tapes de la production dans notre laboratoire. Nous effectuons une analyse syst\u00e9matique des d\u00e9blais de forage dans les diff\u00e9rents endroits de la carri\u00e8re en faisant un suivi de la richesse du carbonate de calcium dans la pierre calcaire que nous extrayons.<\/p>\n\n\n\n<p>Le Service de Production fait le suivi basique de la richesse de l&rsquo;oxyde de calcium produite par les fours de calcination, il r\u00e9alise les analyses rapides qui sont v\u00e9rifi\u00e9es quotidiennement dans notre Laboratoire de Contr\u00f4le de Qualit\u00e9, qui effectue, en plus, les contr\u00f4les quotidiens sur la r\u00e9activit\u00e9, la finesse, la chaux utile et la stabilit\u00e9 du volume de notre chaux \u00e9teinte.<\/p>\n<\/div>\n\n\n\n<div class=\"wp-block-column is-layout-flow wp-block-column-is-layout-flow\">\n<figure class=\"wp-block-image size-full\"><img loading=\"lazy\" decoding=\"async\" width=\"850\" height=\"567\" src=\"http:\/\/calespachs.local.jamgo.org\/wp-content\/uploads\/2023\/10\/Cales-de-Pachs-020.jpg\" alt=\"\" class=\"wp-image-1159\" srcset=\"https:\/\/www.calespachs.com\/wp-content\/uploads\/2023\/10\/Cales-de-Pachs-020.jpg 850w, https:\/\/www.calespachs.com\/wp-content\/uploads\/2023\/10\/Cales-de-Pachs-020-300x200.jpg 300w, https:\/\/www.calespachs.com\/wp-content\/uploads\/2023\/10\/Cales-de-Pachs-020-768x512.jpg 768w\" sizes=\"auto, (max-width: 850px) 100vw, 850px\" \/><\/figure>\n<\/div>\n<\/div>\n\n<div class=\"wp-block-columns is-layout-flex wp-container-core-columns-is-layout-9d6595d7 wp-block-columns-is-layout-flex\">\n<div class=\"wp-block-column is-layout-flow wp-block-column-is-layout-flow\"><\/div>\n<\/div>\n","protected":false},"excerpt":{"rendered":"<p>L&rsquo;importance de suivre un bon processus productif Le processus de production commence dans la carri\u00e8re o\u00f9 se trouve notre mati\u00e8re premi\u00e8re, la pierre calcaire (carbonate de calcium).&#13; &#13; Extraction La pierre \u00e0 chaux est extraite par dynamitage contr\u00f4l\u00e9, ensuite elle est concass\u00e9e et class\u00e9e par taille. Les tailles entre 20 et 80 millim\u00e8tres sont destin\u00e9es [&hellip;]<\/p>\n","protected":false},"author":1,"featured_media":576,"parent":0,"menu_order":0,"comment_status":"closed","ping_status":"closed","template":"","meta":{"_acf_changed":false,"footnotes":""},"class_list":["post-1182","page","type-page","status-publish","has-post-thumbnail","hentry"],"acf":[],"_links":{"self":[{"href":"https:\/\/www.calespachs.com\/fr\/wp-json\/wp\/v2\/pages\/1182","targetHints":{"allow":["GET"]}}],"collection":[{"href":"https:\/\/www.calespachs.com\/fr\/wp-json\/wp\/v2\/pages"}],"about":[{"href":"https:\/\/www.calespachs.com\/fr\/wp-json\/wp\/v2\/types\/page"}],"author":[{"embeddable":true,"href":"https:\/\/www.calespachs.com\/fr\/wp-json\/wp\/v2\/users\/1"}],"replies":[{"embeddable":true,"href":"https:\/\/www.calespachs.com\/fr\/wp-json\/wp\/v2\/comments?post=1182"}],"version-history":[{"count":6,"href":"https:\/\/www.calespachs.com\/fr\/wp-json\/wp\/v2\/pages\/1182\/revisions"}],"predecessor-version":[{"id":1681,"href":"https:\/\/www.calespachs.com\/fr\/wp-json\/wp\/v2\/pages\/1182\/revisions\/1681"}],"wp:featuredmedia":[{"embeddable":true,"href":"https:\/\/www.calespachs.com\/fr\/wp-json\/wp\/v2\/media\/576"}],"wp:attachment":[{"href":"https:\/\/www.calespachs.com\/fr\/wp-json\/wp\/v2\/media?parent=1182"}],"curies":[{"name":"wp","href":"https:\/\/api.w.org\/{rel}","templated":true}]}}