{"id":1076,"date":"2023-07-24T19:04:27","date_gmt":"2023-07-24T19:04:27","guid":{"rendered":"http:\/\/calespachs.local.jamgo.org\/applications\/"},"modified":"2025-05-25T10:43:16","modified_gmt":"2025-05-25T10:43:16","slug":"applications","status":"publish","type":"page","link":"https:\/\/www.calespachs.com\/fr\/applications\/","title":{"rendered":"APPLICATIONS"},"content":{"rendered":"\n<div class=\"wp-block-columns mb-o is-layout-flex wp-container-core-columns-is-layout-9d6595d7 wp-block-columns-is-layout-flex\">\n<div class=\"wp-block-column is-layout-flow wp-block-column-is-layout-flow\">\n<p>La chaux est le mat\u00e9riel liant le plus ancien qui existe. Elle a \u00e9t\u00e9 largement utilis\u00e9e dans la construction des pyramides d&rsquo;Egypte. Les Romains ont \u00e9tudi\u00e9 ses propri\u00e9t\u00e9s \u00e9tablissant des normes et des contr\u00f4les de qualit\u00e9. Elle a toujours \u00e9t\u00e9 utilis\u00e9e comme mat\u00e9riel de construction ou d\u2019amendement agricole.<\/p>\n\n\n\n<p>Depuis le d\u00e9but du XXe si\u00e8cle, la chaux a \u00e9t\u00e9 utilis\u00e9e dans les processus industriels. Actuellement, plus de 90% de la chaux produite est vendue comme un r\u00e9actif chimique naturel bien sous forme d&rsquo;oxyde de calcium (chaux vive) comme d&rsquo;hydroxyde de calcium (chaux \u00e9teinte). C\u2019est pour cela qu\u2019elle est plus consid\u00e9r\u00e9e comme un produit chimique de base qu\u2019un mat\u00e9riel de construction ou agricole.<\/p>\n\n\n\n<p>La polyvalence de ce produit chimique se traduit dans le sens o\u00f9, d\u2019une certaine mani\u00e8re, il intervient dans presque tous les processus industriels. Plus pr\u00e9cis\u00e9ment, la chaux s\u2019utilise comme : neutralisant, diluant, caustificant, lubrifiant, buvard, d\u00e9shydratant, liant, absorbant, pr\u00e9cipitant, d\u00e9sinfectant, imperm\u00e9abilisant et bien s\u00fbr comme mati\u00e8re premi\u00e8re.<\/p>\n\n\n\n<p>.<\/p>\n\n\n<div class=\"flex flex-col justify-start items-center lg:flex-row mb-10 space-y-4 lg:space-x-14\"><div><a class=\"categoria spin circle flex flex-col justify-center space-y-2\" href=\"https:\/\/www.calespachs.com\/fr\/aplications\/agricultura-i-ramaderia-fr\/\" style=\"background-color: #6b948a\"><div class=\"categoria-logo mt-5\"><img decoding=\"async\" src=\"https:\/\/www.calespachs.com\/wp-content\/uploads\/2023\/07\/plantes.png\" class=\"https:\/\/www.calespachs.com\/wp-content\/uploads\/2023\/07\/plantes.png\" alt=\"Agriculture et \u00e9levage\"><\/div><div class=\"categoria-nombre\"><p style=\"color:#FFF\">Agriculture et \u00e9levage<\/p><\/div><\/a><\/div><div class=\"text-black justify-center align-center flex flex-col\"><div id=\"tw-target-text-container\" class=\"tw-ta-container F0azHf tw-nfl\" tabindex=\"0\">\n<h1 id=\"tw-target-text\" class=\"tw-data-text tw-text-large tw-ta\" dir=\"ltr\" data-placeholder=\"Traducci\u00f3n\" data-ved=\"2ahUKEwjzmf_r276CAxW3VqQEHdq2CRcQ3ewLegQIBRAQ\"><span class=\"Y2IQFc\" lang=\"fr\">Applications agricoles de la chaux<\/span><\/h1>\n<\/div>\n<div class=\"iYB33c\">\n<div id=\"tw-tmenu\" class=\"tw-menu\">\n<div id=\"tw-target-text-container\" class=\"tw-ta-container F0azHf tw-nfl\" tabindex=\"0\">\n<p id=\"tw-target-text\" class=\"tw-data-text tw-text-large tw-ta\" dir=\"ltr\" data-placeholder=\"Traducci\u00f3n\" data-ved=\"2ahUKEwjzmf_r276CAxW3VqQEHdq2CRcQ3ewLegQIBRAQ\"><span class=\"Y2IQFc\" lang=\"fr\">Nos produits sont utilis\u00e9s dans l&rsquo;agriculture et l&rsquo;\u00e9levage pour les amendements, le traitement des d\u00e9chets dans les poulaillers, l&rsquo;alimentation animale et bien d&rsquo;autres encore.<\/span><\/p>\n<\/div>\n<\/div>\n<\/div>\n<\/div><\/div><div class=\"flex flex-col justify-start items-center lg:flex-row mb-10 space-y-4 lg:space-x-14\"><div><a class=\"categoria spin circle flex flex-col justify-center space-y-2\" href=\"https:\/\/www.calespachs.com\/fr\/aplications\/construction-fr\/\" style=\"background-color: #abd6e7\"><div class=\"categoria-logo mt-5\"><img decoding=\"async\" src=\"https:\/\/www.calespachs.com\/wp-content\/uploads\/2023\/07\/64b78a866db5e144d963eb63f60eaf7a065c44e1.png\" class=\"https:\/\/www.calespachs.com\/wp-content\/uploads\/2023\/07\/64b78a866db5e144d963eb63f60eaf7a065c44e1.png\" alt=\"Construction\"><\/div><div class=\"categoria-nombre\"><p style=\"color:#337A6B\">Construction<\/p><\/div><\/a><\/div><div class=\"text-black justify-center align-center flex flex-col\"><h1>Applications dans la construction pour la chaux<\/h1>L'oxyde de calcium que nous fabriquons poss\u00e8de un indice de r\u00e9activit\u00e9 \u00e9lev\u00e9, id\u00e9al pour certains proc\u00e9d\u00e9s industriels, en raison du processus de cuisson auquel il est soumis. Cela le distingue des autres produits du march\u00e9.<\/div><\/div><div class=\"flex flex-col justify-start items-center lg:flex-row mb-10 space-y-4 lg:space-x-14\"><div><a class=\"categoria spin circle flex flex-col justify-center space-y-2\" href=\"https:\/\/www.calespachs.com\/fr\/aplications\/medi-ambientambient\/\" style=\"background-color: #337a6b\"><div class=\"categoria-logo mt-5\"><img decoding=\"async\" src=\"https:\/\/www.calespachs.com\/wp-content\/uploads\/2023\/10\/white-medi.png\" class=\"https:\/\/www.calespachs.com\/wp-content\/uploads\/2023\/10\/white-medi.png\" alt=\"Environnement\"><\/div><div class=\"categoria-nombre\"><p style=\"color:#FFF\">Environnement<\/p><\/div><\/a><\/div><div class=\"text-black justify-center align-center flex flex-col\"><h1>Applications environnementales de la chaux<\/h1>\n<p>Nos produits sont appliqu\u00e9s \u00e0 l&rsquo;environnement pour le traitement des eaux us\u00e9es et des d\u00e9chets industriels, l&rsquo;\u00e9puration des gaz, le traitement des boues et des sols contamin\u00e9s.<\/p>\n<\/div><\/div><div class=\"flex flex-col justify-start items-center lg:flex-row mb-10 space-y-4 lg:space-x-14\"><div><a class=\"categoria spin circle flex flex-col justify-center space-y-2\" href=\"https:\/\/www.calespachs.com\/fr\/aplications\/industrie\/\" style=\"background-color: #ffe279\"><div class=\"categoria-logo mt-5\"><img decoding=\"async\" src=\"https:\/\/www.calespachs.com\/wp-content\/uploads\/2023\/07\/fab.png\" class=\"https:\/\/www.calespachs.com\/wp-content\/uploads\/2023\/07\/fab.png\" alt=\"Industrie\"><\/div><div class=\"categoria-nombre\"><p style=\"color:#337A6B\">Industrie<\/p><\/div><\/a><\/div><div class=\"text-black justify-center align-center flex flex-col\"><h1>Applications industrielles de la chaux<\/h1>L'oxyde de calcium de Cales de Pachs poss\u00e8de un indice de r\u00e9activit\u00e9 \u00e9lev\u00e9, id\u00e9al pour divers proc\u00e9d\u00e9s industriels tels que : neutraliser, fondre, caustique, lubrifier, s\u00e9cher, cimenter, absorber, pr\u00e9cipiter, d\u00e9sinfecter ou imperm\u00e9abiliser.<\/div><\/div><div class=\"flex flex-col justify-start items-center lg:flex-row mb-10 space-y-4 lg:space-x-14\"><div><a class=\"categoria spin circle flex flex-col justify-center space-y-2\" href=\"https:\/\/www.calespachs.com\/fr\/aplications\/produits-sur-mesure\/\" style=\"background-color: #956a44\"><div class=\"categoria-logo mt-5\"><img decoding=\"async\" src=\"https:\/\/www.calespachs.com\/wp-content\/uploads\/2023\/07\/Settings.png\" class=\"https:\/\/www.calespachs.com\/wp-content\/uploads\/2023\/07\/Settings.png\" alt=\"Produits sur mesure\"><\/div><div class=\"categoria-nombre\"><p style=\"color:#FFF\">Produits sur mesure<\/p><\/div><\/a><\/div><div class=\"text-black justify-center align-center flex flex-col\"><h1>Avez-vous besoin d'un produit personnalis\u00e9 ? Nous le faisons pour vous<\/h1>Notre catalogue de produits comprend dix marques d\u00e9pos\u00e9es, dont beaucoup sont ax\u00e9es sur le secteur environnemental. Ils sont appliqu\u00e9s, entre autres, pour le traitement des eaux destin\u00e9es \u00e0 la consommation humaine, le traitement des fum\u00e9es industrielles ou la d\u00e9sinfection des eaux us\u00e9es.<\/div><\/div>\n<\/div>\n<\/div>\n\n\n\n<div class=\"wp-block-columns is-layout-flex wp-container-core-columns-is-layout-9d6595d7 wp-block-columns-is-layout-flex\">\n<div class=\"wp-block-column is-layout-flow wp-block-column-is-layout-flow\">\n<p class=\"mb-o pb-o has-large-font-size\"><strong>Certificats<\/strong><\/p>\n\n\n\n<div class=\"wp-block-columns is-layout-flex wp-container-core-columns-is-layout-9d6595d7 wp-block-columns-is-layout-flex\">\n<div class=\"wp-block-column is-layout-flow wp-block-column-is-layout-flow\"><div class=\"wp-block-image\">\n<figure class=\"aligncenter size-full is-resized\"><img loading=\"lazy\" decoding=\"async\" width=\"488\" height=\"632\" src=\"https:\/\/www.calespachs.com\/wp-content\/uploads\/2024\/07\/pdf.png\" alt=\"\" class=\"wp-image-1940\" style=\"width:99px;height:128px\" srcset=\"https:\/\/www.calespachs.com\/wp-content\/uploads\/2024\/07\/pdf.png 488w, https:\/\/www.calespachs.com\/wp-content\/uploads\/2024\/07\/pdf-232x300.png 232w\" sizes=\"auto, (max-width: 488px) 100vw, 488px\" \/><\/figure>\n<\/div>\n\n\n<p class=\"has-text-align-center has-small-font-size\"><a href=\"https:\/\/www.calespachs.com\/wp-content\/uploads\/2024\/11\/ISO-14001-ESP_2024-2027.pdf\"><strong>ISO 14001<\/strong><\/a><\/p>\n<\/div>\n\n\n\n<div class=\"wp-block-column is-layout-flow wp-block-column-is-layout-flow\"><div class=\"wp-block-image\">\n<figure class=\"aligncenter size-full is-resized\"><img loading=\"lazy\" decoding=\"async\" width=\"488\" height=\"632\" src=\"https:\/\/www.calespachs.com\/wp-content\/uploads\/2024\/07\/pdf.png\" alt=\"\" class=\"wp-image-1940\" style=\"width:99px;height:128px\" srcset=\"https:\/\/www.calespachs.com\/wp-content\/uploads\/2024\/07\/pdf.png 488w, https:\/\/www.calespachs.com\/wp-content\/uploads\/2024\/07\/pdf-232x300.png 232w\" sizes=\"auto, (max-width: 488px) 100vw, 488px\" \/><\/figure>\n<\/div>\n\n\n<p class=\"has-text-align-center has-small-font-size\"><a href=\"https:\/\/www.calespachs.com\/wp-content\/uploads\/2024\/11\/ISO-9001-ESP_2024-2027.pdf\"><strong>ISO 9001<\/strong><\/a><\/p>\n<\/div>\n\n\n\n<div class=\"wp-block-column is-layout-flow wp-block-column-is-layout-flow\"><div class=\"wp-block-image\">\n<figure class=\"aligncenter size-full is-resized\"><a href=\"https:\/\/www.calespachs.com\/fr\/applications\/image-11-2\/\" target=\"_blank\" rel=\"noopener\"><img loading=\"lazy\" decoding=\"async\" width=\"488\" height=\"632\" src=\"https:\/\/www.calespachs.com\/wp-content\/uploads\/2024\/07\/image-1.png\" alt=\"\" class=\"wp-image-1993\" style=\"width:99px;height:128px\" srcset=\"https:\/\/www.calespachs.com\/wp-content\/uploads\/2024\/07\/image-1.png 488w, https:\/\/www.calespachs.com\/wp-content\/uploads\/2024\/07\/image-1-232x300.png 232w\" sizes=\"auto, (max-width: 488px) 100vw, 488px\" \/><\/a><\/figure>\n<\/div>\n\n\n<div class=\"wp-block-file aligncenter\"><a id=\"wp-block-file--media-79177fe0-c69c-4f18-a641-d736652104ae\" href=\"http:\/\/calespachs.local.jamgo.org\/wp-content\/uploads\/2023\/10\/ISO-5001.pdf\" target=\"_blank\" rel=\"noreferrer noopener\"><strong>ISO 50001<\/strong><\/a><\/div>\n<\/div>\n\n\n\n<div class=\"wp-block-column is-layout-flow wp-block-column-is-layout-flow\"><div class=\"wp-block-image\">\n<figure class=\"aligncenter size-full is-resized\"><img loading=\"lazy\" decoding=\"async\" width=\"488\" height=\"632\" src=\"https:\/\/www.calespachs.com\/wp-content\/uploads\/2024\/07\/image-1.png\" alt=\"\" class=\"wp-image-1993\" style=\"width:99px;height:128px\" srcset=\"https:\/\/www.calespachs.com\/wp-content\/uploads\/2024\/07\/image-1.png 488w, https:\/\/www.calespachs.com\/wp-content\/uploads\/2024\/07\/image-1-232x300.png 232w\" sizes=\"auto, (max-width: 488px) 100vw, 488px\" \/><\/figure>\n<\/div>\n\n\n<div class=\"wp-block-file aligncenter\"><a id=\"wp-block-file--media-58fc76c0-ca52-4a6c-90b0-62022a846157\" href=\"https:\/\/www.calespachs.com\/wp-content\/uploads\/2025\/05\/Certificat-REA-2024.pdf\" target=\"_blank\" rel=\"noreferrer noopener\"><strong>REA 2024<\/strong><\/a><\/div>\n<\/div>\n<\/div>\n<\/div>\n<\/div>\n\n\n\n<p><\/p>\n","protected":false},"excerpt":{"rendered":"<p>La chaux est le mat\u00e9riel liant le plus ancien qui existe. Elle a \u00e9t\u00e9 largement utilis\u00e9e dans la construction des pyramides d&rsquo;Egypte. Les Romains ont \u00e9tudi\u00e9 ses propri\u00e9t\u00e9s \u00e9tablissant des normes et des contr\u00f4les de qualit\u00e9. Elle a toujours \u00e9t\u00e9 utilis\u00e9e comme mat\u00e9riel de construction ou d\u2019amendement agricole. Depuis le d\u00e9but du XXe si\u00e8cle, la [&hellip;]<\/p>\n","protected":false},"author":1,"featured_media":306,"parent":0,"menu_order":0,"comment_status":"closed","ping_status":"closed","template":"","meta":{"_acf_changed":false,"footnotes":""},"class_list":["post-1076","page","type-page","status-publish","has-post-thumbnail","hentry"],"acf":[],"_links":{"self":[{"href":"https:\/\/www.calespachs.com\/fr\/wp-json\/wp\/v2\/pages\/1076","targetHints":{"allow":["GET"]}}],"collection":[{"href":"https:\/\/www.calespachs.com\/fr\/wp-json\/wp\/v2\/pages"}],"about":[{"href":"https:\/\/www.calespachs.com\/fr\/wp-json\/wp\/v2\/types\/page"}],"author":[{"embeddable":true,"href":"https:\/\/www.calespachs.com\/fr\/wp-json\/wp\/v2\/users\/1"}],"replies":[{"embeddable":true,"href":"https:\/\/www.calespachs.com\/fr\/wp-json\/wp\/v2\/comments?post=1076"}],"version-history":[{"count":7,"href":"https:\/\/www.calespachs.com\/fr\/wp-json\/wp\/v2\/pages\/1076\/revisions"}],"predecessor-version":[{"id":2086,"href":"https:\/\/www.calespachs.com\/fr\/wp-json\/wp\/v2\/pages\/1076\/revisions\/2086"}],"wp:featuredmedia":[{"embeddable":true,"href":"https:\/\/www.calespachs.com\/fr\/wp-json\/wp\/v2\/media\/306"}],"wp:attachment":[{"href":"https:\/\/www.calespachs.com\/fr\/wp-json\/wp\/v2\/media?parent=1076"}],"curies":[{"name":"wp","href":"https:\/\/api.w.org\/{rel}","templated":true}]}}