{"id":1061,"date":"2023-07-25T12:27:38","date_gmt":"2023-07-25T12:27:38","guid":{"rendered":"http:\/\/calespachs.local.jamgo.org\/qui-sommes-nous\/"},"modified":"2024-07-29T17:19:12","modified_gmt":"2024-07-29T17:19:12","slug":"qui-sommes-nous","status":"publish","type":"page","link":"https:\/\/www.calespachs.com\/fr\/qui-sommes-nous\/","title":{"rendered":"QUI SOMMES NOUS"},"content":{"rendered":"\n<div class=\"wp-block-columns is-layout-flex wp-container-core-columns-is-layout-9d6595d7 wp-block-columns-is-layout-flex\">\n<div class=\"wp-block-column is-layout-flow wp-block-column-is-layout-flow\">\n<p><\/p>\n\n\n\n<p class=\"has-text-align-center has-medium-font-size\">Cales de Pachs est une entreprise familiale leader dans la fabrication de nouveaux produits \u00e0 base d&rsquo;oxyde de calcium et d&rsquo;hydroxyde de calcium. Notre histoire sur le march\u00e9 de la chaux remonte \u00e0 1967 et notre engagement en mati\u00e8re de R&amp;D nous a positionn\u00e9s comme une r\u00e9f\u00e9rence dans le secteur de la chaux.<\/p>\n<\/div>\n<\/div>\n\n\n\n<p class=\"has-text-align-center mb-0 has-black-color has-text-color has-background has-x-large-font-size\" style=\"background-color:#ffffff54\">HISTOIRE<\/p>\n\n\n<div id=\"parent-historia-slider\" class=\"w-full\"><div id=\"historia-slider\" class=\"w-full \"><ul class=\"slides\"><li><img loading=\"lazy\" decoding=\"async\" width=\"850\" height=\"330\" src=\"https:\/\/www.calespachs.com\/wp-content\/uploads\/2023\/07\/f4fa85763fd7b573414956066f8853130b894410.png\" class=\"attachment-post-thumbnail size-post-thumbnail wp-post-image\" alt=\"\" srcset=\"https:\/\/www.calespachs.com\/wp-content\/uploads\/2023\/07\/f4fa85763fd7b573414956066f8853130b894410.png 850w, https:\/\/www.calespachs.com\/wp-content\/uploads\/2023\/07\/f4fa85763fd7b573414956066f8853130b894410-300x116.png 300w, https:\/\/www.calespachs.com\/wp-content\/uploads\/2023\/07\/f4fa85763fd7b573414956066f8853130b894410-768x298.png 768w\" sizes=\"auto, (max-width: 850px) 100vw, 850px\" \/><p class=\"flex flex-col justify-start items-start\"><div class=\"flex w-full justify-start\"><h4 class=\"flex-none mr-1\">1967<\/h4>\n<hr class=\"dotted flex-1\"><\/div><span><p id=\"tw-target-text\" class=\"tw-data-text tw-text-large tw-ta\" dir=\"ltr\" data-placeholder=\"Traducci\u00f3\" aria-label=\"Text tradu\u00eft\" data-ved=\"2ahUKEwjRiOe94MyHAxUMVKQEHcC9PSYQ3ewLegQIERAU\"><span class=\"Y2IQFc\" lang=\"fr\">Cales de Pachs S.A. a \u00e9t\u00e9 fond\u00e9e le 9 octobre 1967. La famille Gran\u00e9 travaillait dans le secteur de la chaux depuis les ann\u00e9es 1920 et, en 1967, elle a achet\u00e9 une ancienne usine dans la ville de Pacs del Pened\u00e8s pour d\u00e9velopper la production industrielle de chaux. Plus tard, l'entreprise a d\u00e9m\u00e9nag\u00e9 \u00e0 la montagne de Sant Jaume, o\u00f9 se trouvent actuellement ses installations.<\/span><\/p><\/span><\/p><\/li><li><img loading=\"lazy\" decoding=\"async\" width=\"850\" height=\"330\" src=\"https:\/\/www.calespachs.com\/wp-content\/uploads\/2023\/07\/Cales-Pachs-1971-1.jpg\" class=\"attachment-post-thumbnail size-post-thumbnail wp-post-image\" alt=\"\" srcset=\"https:\/\/www.calespachs.com\/wp-content\/uploads\/2023\/07\/Cales-Pachs-1971-1.jpg 850w, https:\/\/www.calespachs.com\/wp-content\/uploads\/2023\/07\/Cales-Pachs-1971-1-300x116.jpg 300w, https:\/\/www.calespachs.com\/wp-content\/uploads\/2023\/07\/Cales-Pachs-1971-1-768x298.jpg 768w\" sizes=\"auto, (max-width: 850px) 100vw, 850px\" \/><p class=\"flex flex-col justify-start items-start\"><div class=\"flex w-full justify-start\"><h4 class=\"flex-none mr-1\">1971<\/h4>\n<hr class=\"dotted flex-1\"><\/div><span>En 1971, un nouveau four rotatif avec \u00e9changeur de chaleur et combustible liquide est inaugur\u00e9, le premier du genre en Espagne. Gr\u00e2ce \u00e0 cette nouvelle technologie, une augmentation significative de la qualit\u00e9 et de plus grandes \u00e9conomies de co\u00fbts sont obtenues.<\/span><\/p><\/li><li><img loading=\"lazy\" decoding=\"async\" width=\"850\" height=\"330\" src=\"https:\/\/www.calespachs.com\/wp-content\/uploads\/2023\/07\/b5c400040bdcdd7109f810e36743fa53b7261deb.png\" class=\"attachment-post-thumbnail size-post-thumbnail wp-post-image\" alt=\"\" srcset=\"https:\/\/www.calespachs.com\/wp-content\/uploads\/2023\/07\/b5c400040bdcdd7109f810e36743fa53b7261deb.png 850w, https:\/\/www.calespachs.com\/wp-content\/uploads\/2023\/07\/b5c400040bdcdd7109f810e36743fa53b7261deb-300x116.png 300w, https:\/\/www.calespachs.com\/wp-content\/uploads\/2023\/07\/b5c400040bdcdd7109f810e36743fa53b7261deb-768x298.png 768w\" sizes=\"auto, (max-width: 850px) 100vw, 850px\" \/><p class=\"flex flex-col justify-start items-start\"><div class=\"flex w-full justify-start\"><h4 class=\"flex-none mr-1\">1982<\/h4>\n<hr class=\"dotted flex-1\"><\/div><span>En pleine crise \u00e9nerg\u00e9tique, Cales de Pachs d\u00e9cide de changer le type de combustible utilis\u00e9 pour la production de chaux et opte pour l'utilisation de charbon micronis\u00e9, rendant la centrale \u00e0 charbon op\u00e9rationnelle le 23 ao\u00fbt 1982.<\/span><\/p><\/li><li><img loading=\"lazy\" decoding=\"async\" width=\"842\" height=\"332\" src=\"https:\/\/www.calespachs.com\/wp-content\/uploads\/2023\/07\/Any-1995.jpg\" class=\"attachment-post-thumbnail size-post-thumbnail wp-post-image\" alt=\"\" srcset=\"https:\/\/www.calespachs.com\/wp-content\/uploads\/2023\/07\/Any-1995.jpg 842w, https:\/\/www.calespachs.com\/wp-content\/uploads\/2023\/07\/Any-1995-300x118.jpg 300w, https:\/\/www.calespachs.com\/wp-content\/uploads\/2023\/07\/Any-1995-768x303.jpg 768w\" sizes=\"auto, (max-width: 842px) 100vw, 842px\" \/><p class=\"flex flex-col justify-start items-start\"><div class=\"flex w-full justify-start\"><h4 class=\"flex-none mr-1\">1995<\/h4>\n<hr class=\"dotted flex-1\"><\/div><span>En 1995, un nouveau four \u00e0 double cuve est entr\u00e9 en service, utilisant le syst\u00e8me de r\u00e9g\u00e9n\u00e9ration pour la r\u00e9cup\u00e9ration de chaleur, avec un processus de cuisson de chaux plus avanc\u00e9, un autocontr\u00f4le informatis\u00e9 et une \u00e9conomie d'\u00e9nergie, qui garantissent l'homog\u00e9n\u00e9it\u00e9 du produit et une qualit\u00e9 maximale. Elle est consid\u00e9r\u00e9e comme la meilleure technique disponible.<\/span><\/p><\/li><li><img loading=\"lazy\" decoding=\"async\" width=\"850\" height=\"330\" src=\"https:\/\/www.calespachs.com\/wp-content\/uploads\/2023\/07\/Microlime.jpg\" class=\"attachment-post-thumbnail size-post-thumbnail wp-post-image\" alt=\"\" srcset=\"https:\/\/www.calespachs.com\/wp-content\/uploads\/2023\/07\/Microlime.jpg 850w, https:\/\/www.calespachs.com\/wp-content\/uploads\/2023\/07\/Microlime-300x116.jpg 300w, https:\/\/www.calespachs.com\/wp-content\/uploads\/2023\/07\/Microlime-768x298.jpg 768w\" sizes=\"auto, (max-width: 850px) 100vw, 850px\" \/><p class=\"flex flex-col justify-start items-start\"><div class=\"flex w-full justify-start\"><h4 class=\"flex-none mr-1\">2004-2005<\/h4>\n<hr class=\"dotted flex-1\"><\/div><span>C\r\n\r\nCales de Pachs entre sur le march\u00e9 portugais de la chaux, avec l'acquisition de 50% des actions de la soci\u00e9t\u00e9 Microlime. Avec la participation de la filiale portugaise, la capacit\u00e9 de production augmente \u00e0 150 000 tonnes\/an.\r\n\r\n&nbsp;\r\n\r\nEn 2005, un autre four r\u00e9g\u00e9n\u00e9ratif \u00e0 double cuve a \u00e9galement \u00e9t\u00e9 lanc\u00e9, similaire \u00e0 celui lanc\u00e9 en 1995, pour cuire des pierres plus petites, permettant ainsi une meilleure utilisation de la mati\u00e8re premi\u00e8re<\/span><\/p><\/li><li><img loading=\"lazy\" decoding=\"async\" width=\"850\" height=\"330\" src=\"https:\/\/www.calespachs.com\/wp-content\/uploads\/2023\/07\/Estella-fusta-bona.jpg\" class=\"attachment-post-thumbnail size-post-thumbnail wp-post-image\" alt=\"\" srcset=\"https:\/\/www.calespachs.com\/wp-content\/uploads\/2023\/07\/Estella-fusta-bona.jpg 850w, https:\/\/www.calespachs.com\/wp-content\/uploads\/2023\/07\/Estella-fusta-bona-300x116.jpg 300w, https:\/\/www.calespachs.com\/wp-content\/uploads\/2023\/07\/Estella-fusta-bona-768x298.jpg 768w\" sizes=\"auto, (max-width: 850px) 100vw, 850px\" \/><p class=\"flex flex-col justify-start items-start\"><div class=\"flex w-full justify-start\"><h4 class=\"flex-none mr-1\">2007<\/h4>\n<hr class=\"dotted flex-1\"><\/div><span>En 2007, dans le but de r\u00e9duire les \u00e9missions de CO2, une deuxi\u00e8me usine a \u00e9t\u00e9 cr\u00e9\u00e9e pour traiter et m\u00e9langer la biomasse avec le combustible traditionnel.<\/span><\/p><\/li><li><img loading=\"lazy\" decoding=\"async\" width=\"850\" height=\"330\" src=\"https:\/\/www.calespachs.com\/wp-content\/uploads\/2023\/10\/Microlime-bona.jpg\" class=\"attachment-post-thumbnail size-post-thumbnail wp-post-image\" alt=\"\" srcset=\"https:\/\/www.calespachs.com\/wp-content\/uploads\/2023\/10\/Microlime-bona.jpg 850w, https:\/\/www.calespachs.com\/wp-content\/uploads\/2023\/10\/Microlime-bona-300x116.jpg 300w, https:\/\/www.calespachs.com\/wp-content\/uploads\/2023\/10\/Microlime-bona-768x298.jpg 768w\" sizes=\"auto, (max-width: 850px) 100vw, 850px\" \/><p class=\"flex flex-col justify-start items-start\"><div class=\"flex w-full justify-start\"><h4 class=\"flex-none mr-1\">2017-2019<\/h4>\n<hr class=\"dotted flex-1\"><\/div><span>Plus d'une d\u00e9cennie apr\u00e8s son entr\u00e9e sur le march\u00e9 portugais, Cales de Pachs a achet\u00e9 100 % des actions de Microlime et a construit une nouvelle usine pour la filiale \u00e0 F\u00e1tima (Portugal). Les nouvelles installations permettent \u00e0 l'entreprise d'augmenter sa capacit\u00e9 de production jusqu'\u00e0 250 000 tonnes\/an.<\/span><\/p><\/li><\/ul><\/div><div class=\"custom-navigation flex flex-row justify-end md:px-32 space-x-10\"><a href=\"#\" class=\"flex-prev arrow-left\"><\/a><div class=\"custom-controls-container\"><\/div><a href=\"#\" class=\"flex-next arrow-right\"><\/a><\/div><\/div><script>( function( $ ) {\n        $(window).load(function() {\n            var sliderOptions = {\n                animation: \"slide\",\n                animationLoop: true,\n                itemWidth: 250,\n                minItems: 1,\n                maxItems: 2,\n                itemMargin: 100,\n                move:1,\n            };sliderOptions.controlsContainer = $(\".custom-controls-container\");\n                     sliderOptions.customDirectionNav = $(\".custom-navigation a\");jQuery('#historia-slider').flexslider(sliderOptions);\n            });\n        }( jQuery ) );\n     <\/script>\n\n\n\n<div class=\"wp-block-columns is-layout-flex wp-container-core-columns-is-layout-9d6595d7 wp-block-columns-is-layout-flex\">\n<div class=\"wp-block-column is-layout-flow wp-block-column-is-layout-flow\">\n<p class=\"has-text-align-center has-black-color has-text-color has-x-large-font-size\">REMERCIEMENTS<\/p>\n\n\n<ul class=\"wp-block-latest-posts__list is-grid columns-3 wp-block-latest-posts\"><li><div class=\"wp-block-latest-posts__featured-image\"><a href=\"https:\/\/www.calespachs.com\/fr\/cales-de-pachs-remporte-le-prix-fegp-de-linnovation\/\" aria-label=\"CALES DE PACHS REMPORTE LE PRIX FEGP DE L&rsquo;INNOVATION\"><img loading=\"lazy\" decoding=\"async\" width=\"500\" height=\"333\" src=\"https:\/\/www.calespachs.com\/wp-content\/uploads\/2023\/08\/FEGP-Innovacio-bona-1.png\" class=\"attachment-large size-large wp-post-image\" alt=\"\" style=\"\" srcset=\"https:\/\/www.calespachs.com\/wp-content\/uploads\/2023\/08\/FEGP-Innovacio-bona-1.png 500w, https:\/\/www.calespachs.com\/wp-content\/uploads\/2023\/08\/FEGP-Innovacio-bona-1-300x200.png 300w\" sizes=\"auto, (max-width: 500px) 100vw, 500px\" \/><\/a><\/div><a class=\"wp-block-latest-posts__post-title\" href=\"https:\/\/www.calespachs.com\/fr\/cales-de-pachs-remporte-le-prix-fegp-de-linnovation\/\">CALES DE PACHS REMPORTE LE PRIX FEGP DE L&rsquo;INNOVATION<\/a><\/li>\n<li><div class=\"wp-block-latest-posts__featured-image\"><a href=\"https:\/\/www.calespachs.com\/fr\/prix-national-de-lenvironnement-du-ministere-de-la-transition-ecologique-et-du-defi-demographique\/\" aria-label=\"PRIX NATIONAL DE L&rsquo;ENVIRONNEMENT DU MINIST\u00c8RE DE LA TRANSITION \u00c9COLOGIQUE ET DU D\u00c9FI D\u00c9MOGRAPHIQUE\"><img loading=\"lazy\" decoding=\"async\" width=\"500\" height=\"334\" src=\"https:\/\/www.calespachs.com\/wp-content\/uploads\/2023\/08\/Ministra-i-XAvi-Premi-NAcinoal-MA-bona.png\" class=\"attachment-large size-large wp-post-image\" alt=\"\" style=\"\" srcset=\"https:\/\/www.calespachs.com\/wp-content\/uploads\/2023\/08\/Ministra-i-XAvi-Premi-NAcinoal-MA-bona.png 500w, https:\/\/www.calespachs.com\/wp-content\/uploads\/2023\/08\/Ministra-i-XAvi-Premi-NAcinoal-MA-bona-300x200.png 300w\" sizes=\"auto, (max-width: 500px) 100vw, 500px\" \/><\/a><\/div><a class=\"wp-block-latest-posts__post-title\" href=\"https:\/\/www.calespachs.com\/fr\/prix-national-de-lenvironnement-du-ministere-de-la-transition-ecologique-et-du-defi-demographique\/\">PRIX NATIONAL DE L&rsquo;ENVIRONNEMENT DU MINIST\u00c8RE DE LA TRANSITION \u00c9COLOGIQUE ET DU D\u00c9FI D\u00c9MOGRAPHIQUE<\/a><\/li>\n<li><div class=\"wp-block-latest-posts__featured-image\"><a href=\"https:\/\/www.calespachs.com\/fr\/prix-des-talents-chamber-2021-dans-la-categorie-transition-energetique\/\" aria-label=\"PRIX DES TALENTS CHAMBER 2021 DANS LA CAT\u00c9GORIE TRANSITION \u00c9NERG\u00c9TIQUE\"><img loading=\"lazy\" decoding=\"async\" width=\"640\" height=\"427\" src=\"https:\/\/www.calespachs.com\/wp-content\/uploads\/2023\/07\/Premi-Talentum-e1695473496486.jpg\" class=\"attachment-large size-large wp-post-image\" alt=\"\" style=\"\" \/><\/a><\/div><a class=\"wp-block-latest-posts__post-title\" href=\"https:\/\/www.calespachs.com\/fr\/prix-des-talents-chamber-2021-dans-la-categorie-transition-energetique\/\">PRIX DES TALENTS CHAMBER 2021 DANS LA CAT\u00c9GORIE TRANSITION \u00c9NERG\u00c9TIQUE<\/a><\/li>\n<\/ul>\n\n\n<div class=\"wp-block-buttons is-content-justification-center is-layout-flex wp-container-core-buttons-is-layout-16018d1d wp-block-buttons-is-layout-flex\">\n<div class=\"wp-block-button miboton-personalizado is-style-fill\"><a class=\"wp-block-button__link has-black-color has-text-color has-background wp-element-button\" href=\"https:\/\/www.calespachs.com\/qui-som-copy\/\" style=\"border-radius:25px;background-color:#ffe279\">M\u00c9S NOT\u00cdCIES<\/a><\/div>\n<\/div>\n<\/div>\n<\/div>\n\n\n\n<div class=\"wp-block-columns transparencia33 is-layout-flex wp-container-core-columns-is-layout-9d6595d7 wp-block-columns-is-layout-flex\">\n<div class=\"wp-block-column is-layout-flow wp-block-column-is-layout-flow\">\n<p class=\"has-text-align-center has-black-color has-text-color has-x-large-font-size\">ACTUALIT\u00c9<\/p>\n\n\n<ul class=\"wp-block-latest-posts__list is-grid columns-3 wp-block-latest-posts\"><li><div class=\"wp-block-latest-posts__featured-image\"><a href=\"https:\/\/www.calespachs.com\/fr\/cales-de-pachs-achete-une-ferme-de-61-ha-pour-consolider-son-engagement-en-faveur-dun-environnement-durable\/\" aria-label=\"Cales de Pachs ach\u00e8te une ferme de 6,1 ha pour consolider son engagement en faveur d&rsquo;un environnement durable\"><img loading=\"lazy\" decoding=\"async\" width=\"500\" height=\"332\" src=\"https:\/\/www.calespachs.com\/wp-content\/uploads\/2023\/07\/admin-ajax-2.png\" class=\"attachment-large size-large wp-post-image\" alt=\"\" style=\"\" srcset=\"https:\/\/www.calespachs.com\/wp-content\/uploads\/2023\/07\/admin-ajax-2.png 500w, https:\/\/www.calespachs.com\/wp-content\/uploads\/2023\/07\/admin-ajax-2-300x199.png 300w\" sizes=\"auto, (max-width: 500px) 100vw, 500px\" \/><\/a><\/div><a class=\"wp-block-latest-posts__post-title\" href=\"https:\/\/www.calespachs.com\/fr\/cales-de-pachs-achete-une-ferme-de-61-ha-pour-consolider-son-engagement-en-faveur-dun-environnement-durable\/\">Cales de Pachs ach\u00e8te une ferme de 6,1 ha pour consolider son engagement en faveur d&rsquo;un environnement durable<\/a><\/li>\n<li><div class=\"wp-block-latest-posts__featured-image\"><a href=\"https:\/\/www.calespachs.com\/fr\/cales-de-pachs-licn2-et-sorigue-testent-un-materiau-qui-permet-de-capter-le-co2-sur-les-surfaces\/\" aria-label=\"Cales de Pachs, l&rsquo;ICN2 et Sorigu\u00e9 testent un mat\u00e9riau qui permet de capter le CO2 sur les surfaces\"><img loading=\"lazy\" decoding=\"async\" width=\"500\" height=\"333\" src=\"https:\/\/www.calespachs.com\/wp-content\/uploads\/2023\/04\/admin-ajax.png\" class=\"attachment-large size-large wp-post-image\" alt=\"\" style=\"\" srcset=\"https:\/\/www.calespachs.com\/wp-content\/uploads\/2023\/04\/admin-ajax.png 500w, https:\/\/www.calespachs.com\/wp-content\/uploads\/2023\/04\/admin-ajax-300x200.png 300w\" sizes=\"auto, (max-width: 500px) 100vw, 500px\" \/><\/a><\/div><a class=\"wp-block-latest-posts__post-title\" href=\"https:\/\/www.calespachs.com\/fr\/cales-de-pachs-licn2-et-sorigue-testent-un-materiau-qui-permet-de-capter-le-co2-sur-les-surfaces\/\">Cales de Pachs, l&rsquo;ICN2 et Sorigu\u00e9 testent un mat\u00e9riau qui permet de capter le CO2 sur les surfaces<\/a><\/li>\n<li><div class=\"wp-block-latest-posts__featured-image\"><a href=\"https:\/\/www.calespachs.com\/fr\/cales-de-pachs-cloture-lannee-2022-en-battant-son-record-de-chiffre-daffaires\/\" aria-label=\"Cales de Pachs cl\u00f4ture l&rsquo;ann\u00e9e 2022 en battant son record de chiffre d&rsquo;affaires\"><img loading=\"lazy\" decoding=\"async\" width=\"640\" height=\"480\" src=\"https:\/\/www.calespachs.com\/wp-content\/uploads\/2023\/07\/Cales-de-Pachs-003-e1699815661658.jpg\" class=\"attachment-large size-large wp-post-image\" alt=\"\" style=\"\" \/><\/a><\/div><a class=\"wp-block-latest-posts__post-title\" href=\"https:\/\/www.calespachs.com\/fr\/cales-de-pachs-cloture-lannee-2022-en-battant-son-record-de-chiffre-daffaires\/\">Cales de Pachs cl\u00f4ture l&rsquo;ann\u00e9e 2022 en battant son record de chiffre d&rsquo;affaires<\/a><\/li>\n<\/ul>\n\n\n<div class=\"wp-block-buttons is-content-justification-center is-layout-flex wp-container-core-buttons-is-layout-16018d1d wp-block-buttons-is-layout-flex\">\n<div class=\"wp-block-button miboton-personalizado is-style-fill\"><a class=\"wp-block-button__link has-black-color has-text-color has-background wp-element-button\" href=\"https:\/\/www.calespachs.com\/qui-som-copy\/\" style=\"border-radius:25px;background-color:#ffe279\">M\u00c9S NOT\u00cdCIES<\/a><\/div>\n<\/div>\n<\/div>\n<\/div>\n\n\n\n<div class=\"wp-block-columns is-layout-flex wp-container-core-columns-is-layout-9d6595d7 wp-block-columns-is-layout-flex\">\n<div class=\"wp-block-column is-layout-flow wp-block-column-is-layout-flow\">\n<h2 class=\"wp-block-heading has-text-align-center mb-10 has-black-color has-text-color has-x-large-font-size\">Politiques de l&rsquo;entreprise<\/h2>\n\n\n\n<p>CALES DE PACHS poss\u00e8de les certifications 50001:2018, ISO 9001:2015 et ISO 14001:2015. Les certificats sont d\u00e9livr\u00e9s par BUREAU VERITAS Certification, sous accr\u00e9ditation ENAC.<\/p>\n\n\n\n<div class=\"wp-block-buttons is-content-justification-center is-layout-flex wp-container-core-buttons-is-layout-16018d1d wp-block-buttons-is-layout-flex\">\n<div class=\"wp-block-button\"><a class=\"wp-block-button__link has-white-color has-text-color has-background wp-element-button\" href=\"https:\/\/www.calespachs.com\/fr\/politique-de-securite-et-sante\/\" style=\"border-radius:18px;background-color:#476e60\">EN SAVOIR PLUS<\/a><\/div>\n<\/div>\n<\/div>\n<\/div>\n","protected":false},"excerpt":{"rendered":"<p>Cales de Pachs est une entreprise familiale leader dans la fabrication de nouveaux produits \u00e0 base d&rsquo;oxyde de calcium et d&rsquo;hydroxyde de calcium. Notre histoire sur le march\u00e9 de la chaux remonte \u00e0 1967 et notre engagement en mati\u00e8re de R&amp;D nous a positionn\u00e9s comme une r\u00e9f\u00e9rence dans le secteur de la chaux. HISTOIRE REMERCIEMENTS [&hellip;]<\/p>\n","protected":false},"author":1,"featured_media":337,"parent":0,"menu_order":0,"comment_status":"closed","ping_status":"closed","template":"template\/template-actualitat.php","meta":{"_acf_changed":false,"footnotes":""},"class_list":["post-1061","page","type-page","status-publish","has-post-thumbnail","hentry"],"acf":[],"_links":{"self":[{"href":"https:\/\/www.calespachs.com\/fr\/wp-json\/wp\/v2\/pages\/1061","targetHints":{"allow":["GET"]}}],"collection":[{"href":"https:\/\/www.calespachs.com\/fr\/wp-json\/wp\/v2\/pages"}],"about":[{"href":"https:\/\/www.calespachs.com\/fr\/wp-json\/wp\/v2\/types\/page"}],"author":[{"embeddable":true,"href":"https:\/\/www.calespachs.com\/fr\/wp-json\/wp\/v2\/users\/1"}],"replies":[{"embeddable":true,"href":"https:\/\/www.calespachs.com\/fr\/wp-json\/wp\/v2\/comments?post=1061"}],"version-history":[{"count":6,"href":"https:\/\/www.calespachs.com\/fr\/wp-json\/wp\/v2\/pages\/1061\/revisions"}],"predecessor-version":[{"id":2032,"href":"https:\/\/www.calespachs.com\/fr\/wp-json\/wp\/v2\/pages\/1061\/revisions\/2032"}],"wp:featuredmedia":[{"embeddable":true,"href":"https:\/\/www.calespachs.com\/fr\/wp-json\/wp\/v2\/media\/337"}],"wp:attachment":[{"href":"https:\/\/www.calespachs.com\/fr\/wp-json\/wp\/v2\/media?parent=1061"}],"curies":[{"name":"wp","href":"https:\/\/api.w.org\/{rel}","templated":true}]}}