{"id":1053,"date":"2023-09-28T14:12:58","date_gmt":"2023-09-28T14:12:58","guid":{"rendered":"http:\/\/calespachs.local.jamgo.org\/politique-de-securite-et-sante\/"},"modified":"2023-09-28T16:34:18","modified_gmt":"2023-09-28T16:34:18","slug":"politique-de-securite-et-sante","status":"publish","type":"page","link":"https:\/\/www.calespachs.com\/fr\/politique-de-securite-et-sante\/","title":{"rendered":"POLITIQUE DE S\u00c9CURIT\u00c9 ET SANT\u00c9"},"content":{"rendered":"\n<div class=\"wp-block-columns is-layout-flex wp-container-core-columns-is-layout-9d6595d7 wp-block-columns-is-layout-flex\">\n<div class=\"wp-block-column is-layout-flow wp-block-column-is-layout-flow\">\n<p>CALES DE PACHS manifeste sa pr\u00e9occupation pour la pr\u00e9vention des accidents de travail et des maladies professionnelles, ainsi que pour l\u2019am\u00e9lioration continue des conditions de S\u00e9curit\u00e9 et Sant\u00e9 au Travail.&#13;\n<\/p>\n\n\n\n<p>Par cons\u00e9quent, elle s\u2019engage \u00e0 METTRE EN OEUVRE, DIRIGER et DEVELOPPER un Syst\u00e8me de Gestion de la Pr\u00e9vention des Risques au Travail afin de:&#13;\n&#13;\n<\/p>\n\n\n\n<ul class=\"has-black-color has-text-color wp-block-list\">\n<li>Eviter les accidents et les maladies professionnelles.<\/li>\n\n\n\n<li>Am\u00e9liorer la rentabilit\u00e9 de l\u2019entreprise.<\/li>\n\n\n\n<li>Respecter la loi de pr\u00e9vention et le r\u00e8glement des services de pr\u00e9vention.<\/li>\n\n\n\n<li>Ce Syst\u00e8me de Gestion de la Pr\u00e9vention des Risques au Travail sera int\u00e9gr\u00e9 dans notre GESTION D\u2019ENTERPRISE, c\u2019est \u00e0 dire, dans l\u2019ensemble de nos activit\u00e9s et d\u00e9cisions, tant dans les proc\u00e9d\u00e9s techniques, comme dans l\u2019organisation du travail et les conditions dans lesquelles il s\u2019offre, comme dans la structure hi\u00e9rarchique, y compris \u00e0 tous ses niveaux.<\/li>\n\n\n\n<li>La pr\u00e9vention ainsi con\u00e7ue devient une responsabilit\u00e9 de TOUS ET CHACUN D&rsquo;ENTRE NOUS afin que tous les membres de l&rsquo;entreprise s&rsquo;en b\u00e9n\u00e9ficient. Dans ce sens, nous appelons \u00e0 l&rsquo;\u00e9troite collaboration de tous afin d\u2019atteindre cet objectif.<\/li>\n\n\n\n<li>La Direction de l\u2019entreprise s\u2019engage \u00e0 fournir les moyens n\u00e9cessaires pour le d\u00e9veloppement du Syst\u00e8me de Gestion de la Pr\u00e9vention des Risques au Travail, \u00e0 le diffuser \u00e0 tout le personnel et \u00e0 veiller \u00e0 son accomplissement.<\/li>\n<\/ul>\n<\/div>\n<\/div>\n\n<div class=\"wp-block-columns is-layout-flex wp-container-core-columns-is-layout-9d6595d7 wp-block-columns-is-layout-flex\">\n<div class=\"wp-block-column is-vertically-aligned-bottom flex flex-col is-layout-flow wp-block-column-is-layout-flow\">\n<p class=\"mb-o pb-o has-large-font-size\"><strong>Certificats d&rsquo;enregistrement<\/strong><\/p>\n\n\n<div class=\"wp-block-image\">\n<figure class=\"alignleft size-full is-resized\"><a href=\"http:\/\/calespachs.local.jamgo.org\/wp-content\/uploads\/2023\/09\/Certificado-REA-2021.pdf\" target=\"_blank\" rel=\"noreferrer noopener\"><img loading=\"lazy\" decoding=\"async\" src=\"http:\/\/calespachs.local.jamgo.org\/wp-content\/uploads\/2023\/09\/kisspng-kerr-center-pdf-computer-icons-download-clip-art-tutorial-geometric-patterns-table-runner-&#x2022;-blac-5b6892ec068fc8.4424299515335800120269.png\" alt=\"\" class=\"wp-image-967\" style=\"width:99px;height:128px\" width=\"99\" height=\"128\"\/><\/a><\/figure>\n<\/div>\n\n\n<div class=\"wp-block-file alignleft\"><a id=\"wp-block-file--media-5f1fef83-f758-4793-95e5-12dbc4dcbb9e\" href=\"http:\/\/calespachs.local.jamgo.org\/wp-content\/uploads\/2023\/09\/Certificado-REA-2021.pdf\" target=\"_blank\" rel=\"noreferrer noopener\"><strong>Certificat REA<\/strong><\/a><\/div>\n<\/div>\n<\/div>\n","protected":false},"excerpt":{"rendered":"<p>CALES DE PACHS manifeste sa pr\u00e9occupation pour la pr\u00e9vention des accidents de travail et des maladies professionnelles, ainsi que pour l\u2019am\u00e9lioration continue des conditions de S\u00e9curit\u00e9 et Sant\u00e9 au Travail.&#13; Par cons\u00e9quent, elle s\u2019engage \u00e0 METTRE EN OEUVRE, DIRIGER et DEVELOPPER un Syst\u00e8me de Gestion de la Pr\u00e9vention des Risques au Travail afin de:&#13; &#13; [&hellip;]<\/p>\n","protected":false},"author":1,"featured_media":986,"parent":0,"menu_order":0,"comment_status":"closed","ping_status":"closed","template":"","meta":{"_acf_changed":false,"footnotes":""},"class_list":["post-1053","page","type-page","status-publish","has-post-thumbnail","hentry"],"acf":[],"_links":{"self":[{"href":"https:\/\/www.calespachs.com\/fr\/wp-json\/wp\/v2\/pages\/1053","targetHints":{"allow":["GET"]}}],"collection":[{"href":"https:\/\/www.calespachs.com\/fr\/wp-json\/wp\/v2\/pages"}],"about":[{"href":"https:\/\/www.calespachs.com\/fr\/wp-json\/wp\/v2\/types\/page"}],"author":[{"embeddable":true,"href":"https:\/\/www.calespachs.com\/fr\/wp-json\/wp\/v2\/users\/1"}],"replies":[{"embeddable":true,"href":"https:\/\/www.calespachs.com\/fr\/wp-json\/wp\/v2\/comments?post=1053"}],"version-history":[{"count":3,"href":"https:\/\/www.calespachs.com\/fr\/wp-json\/wp\/v2\/pages\/1053\/revisions"}],"predecessor-version":[{"id":1058,"href":"https:\/\/www.calespachs.com\/fr\/wp-json\/wp\/v2\/pages\/1053\/revisions\/1058"}],"wp:featuredmedia":[{"embeddable":true,"href":"https:\/\/www.calespachs.com\/fr\/wp-json\/wp\/v2\/media\/986"}],"wp:attachment":[{"href":"https:\/\/www.calespachs.com\/fr\/wp-json\/wp\/v2\/media?parent=1053"}],"curies":[{"name":"wp","href":"https:\/\/api.w.org\/{rel}","templated":true}]}}