{"id":1282,"date":"2023-07-18T18:29:39","date_gmt":"2023-07-18T18:29:39","guid":{"rendered":"http:\/\/calespachs.local.jamgo.org\/?p=1282"},"modified":"2024-07-29T19:15:36","modified_gmt":"2024-07-29T19:15:36","slug":"283-revision-v1","status":"publish","type":"page","link":"https:\/\/www.calespachs.com\/es\/","title":{"rendered":"Innovamos por un mundo mejor"},"content":{"rendered":"\n<p class=\"has-text-align-center has-white-color has-text-color has-medium-font-size\"><\/p>\n\n\n\n<div class=\"wp-block-columns is-layout-flex wp-container-core-columns-is-layout-9d6595d7 wp-block-columns-is-layout-flex\">\n<div class=\"wp-block-column is-layout-flow wp-block-column-is-layout-flow\">\n<figure class=\"wp-block-embed is-type-video is-provider-youtube wp-block-embed-youtube wp-embed-aspect-16-9 wp-has-aspect-ratio\"><div class=\"wp-block-embed__wrapper\">\n<iframe loading=\"lazy\" title=\"Cales de Pachs   Corporativo subsESP\" width=\"640\" height=\"360\" src=\"https:\/\/www.youtube.com\/embed\/XiqhoKYsUfg?feature=oembed\" frameborder=\"0\" allow=\"accelerometer; autoplay; clipboard-write; encrypted-media; gyroscope; picture-in-picture; web-share\" referrerpolicy=\"strict-origin-when-cross-origin\" allowfullscreen><\/iframe>\n<\/div><\/figure>\n<\/div>\n\n\n\n<div class=\"wp-block-column is-layout-flow wp-block-column-is-layout-flow\">\n<p class=\"has-large-font-size\">CALES DE PACHS: VALORES FAMILIARES, ESP\u00cdRITU INNOVADOR<\/p>\n\n\n\n<p>El Grupo Cales de Pachs, fundado en 1967, somos la empresa l\u00edder en Catalu\u00f1a en la fabricaci\u00f3n de \u00f3xido c\u00e1lcico, de hidr\u00f3xido c\u00e1lcico y \u00f3xido de magnesio. De tradici\u00f3n familiar, a lo largo de m\u00e1s de 50 a\u00f1os hemos basado nuestra estrategia de crecimiento en I+D+i para dar usos ins\u00f3litos a la cal que permitan mejorar el entorno.<\/p>\n\n\n\n<div class=\"wp-block-buttons is-layout-flex wp-block-buttons-is-layout-flex\">\n<div class=\"wp-block-button\"><a class=\"wp-block-button__link has-background wp-element-button\" href=\"https:\/\/www.calespachs.com\/es\/proceso-productivo\/\" style=\"border-radius:16px;background-color:#337a6b\">M\u00c1S INFORMACI\u00d3N<\/a><\/div>\n<\/div>\n<\/div>\n<\/div>\n\n\n\n<div class=\"wp-block-columns is-layout-flex wp-container-core-columns-is-layout-9d6595d7 wp-block-columns-is-layout-flex\">\n<div class=\"wp-block-column is-layout-flow wp-block-column-is-layout-flow\">\n<p class=\"has-large-font-size\">NUEVOS USOS PARA LA CAL, Y UNA MARCA EN CONSTANTE CRECIMIENTO<\/p>\n\n\n\n<p>Nuestros productos se aplican a multitud de sectores. La protecci\u00f3n del medio ambiente, la alimentaci\u00f3n animal o la agricultura son algunos de los principales. En los \u00faltimos a\u00f1os, hemos ampliado nuestra presencia en todo el planeta. El Grupo Cales de Pachs emplea a un centenar de personas de forma directa e indirecta, y vendemos a m\u00e1s de una treintena de pa\u00edses de todo el mundo.<\/p>\n\n\n\n<div class=\"wp-block-buttons is-layout-flex wp-block-buttons-is-layout-flex\">\n<div class=\"wp-block-button\"><a class=\"wp-block-button__link has-black-color has-text-color has-background wp-element-button\" href=\"https:\/\/www.calespachs.com\/es\/productos\/\" style=\"border-radius:16px;background-color:#abd6e7\">M\u00c1S INFORMACI\u00d3N<\/a><\/div>\n<\/div>\n<\/div>\n\n\n\n<div class=\"wp-block-column is-layout-flow wp-block-column-is-layout-flow\">\n<figure class=\"wp-block-image size-full\"><img loading=\"lazy\" decoding=\"async\" width=\"609\" height=\"438\" src=\"http:\/\/calespachs.local.jamgo.org\/wp-content\/uploads\/2023\/07\/Seleccion_157.png\" alt=\"\" class=\"wp-image-109\" srcset=\"https:\/\/www.calespachs.com\/wp-content\/uploads\/2023\/07\/Seleccion_157.png 609w, https:\/\/www.calespachs.com\/wp-content\/uploads\/2023\/07\/Seleccion_157-300x216.png 300w\" sizes=\"auto, (max-width: 609px) 100vw, 609px\" \/><\/figure>\n<\/div>\n<\/div>\n\n\n<div class=\"w-full flex flex-col md:flex-row  items-center justify-center md:space-x-10  py-16 space-y-4 md:space-y-0\" style=\"background-color:#337a6b\"><div class=\"flex flex-col items-center justify-center  space-y-2\" style=\"color:white\"><div id=\"counter_69e86d154b98f\" class=\"text-4xl md:text-6xl\">0<\/div><div class=\"counter-description\">de experiencia<\/div><\/div><div class=\"flex flex-col items-center justify-center  space-y-2\" style=\"color:white\"><div id=\"counter_69e86d154b990\" class=\"text-4xl md:text-6xl\">0<\/div><div class=\"counter-description\"> capacidad de producci\u00f3n anual<\/div><\/div><div class=\"flex flex-col items-center justify-center  space-y-2\" style=\"color:white\"><div id=\"counter_69e86d154b991\" class=\"text-4xl md:text-6xl\">0<\/div><div class=\"counter-description\"> d\u00f3nde exporta<\/div><\/div><\/div><script>\n        \/\/ Funci\u00f3n para verificar si un elemento est\u00e1 en la pantalla\n        function isElementInViewport(el) {\n            var rect = el.getBoundingClientRect();\n            return (\n                rect.top >= 0 &&\n                rect.left >= 0 &&\n                rect.bottom <= (window.innerHeight || document.documentElement.clientHeight) &&\n                rect.right <= (window.innerWidth || document.documentElement.clientWidth)\n            );\n        }\n\n        \/\/ Funci\u00f3n para activar el contador cuando est\u00e1 en la pantalla\n        function activateCounterOnScroll(counterId, unit, icon,  targetNumber, duration) {\n            var counterElement = document.getElementById(counterId);\n\n            function startCounter() {\n                var currentNumber = 0;\n                var increment = targetNumber \/ (duration * 1000);\n\n                var interval = setInterval(function() {\n                    if (currentNumber >= targetNumber) {\n                        clearInterval(interval);\n                    } else {\n                        currentNumber += increment;\n                        counterElement.textContent = icon + Math.floor(currentNumber) + \" \" + unit;\n                    }\n                }, 1);\n            }\n\n            window.addEventListener(\"scroll\", function() {\n                if (isElementInViewport(counterElement)) {\n                    startCounter();\n                    \/\/ Eliminar el evento de desplazamiento despu\u00e9s de activar el contador\n                    window.removeEventListener(\"scroll\", arguments.callee);\n                }\n            });\n        }\n\n        window.addEventListener(\"load\", function() {\n            \/\/ Agregar activadores para cada contador\n            activateCounterOnScroll(\"counter_69e86d154b98f\",\" A\u00d1OS\", \"+\", 50, 0.5);activateCounterOnScroll(\"counter_69e86d154b990\",\"  KT\", \"+\",  240, 0.5);activateCounterOnScroll(\"counter_69e86d154b991\",\"  PAISES\", \"+\",  30, 0.5);});\n    <\/script>\n\n\n\n<div class=\"wp-block-cover is-light mapa-portada has-small-font-size wp-duotone-unset-1\"><span aria-hidden=\"true\" class=\"wp-block-cover__background has-background-dim-0 has-background-dim\"><\/span><img loading=\"lazy\" decoding=\"async\" width=\"1024\" height=\"616\" class=\"wp-block-cover__image-background wp-image-143\" alt=\"\" src=\"http:\/\/calespachs.local.jamgo.org\/wp-content\/uploads\/2023\/07\/mapa-cales-1024x616.png\" data-object-fit=\"cover\" srcset=\"https:\/\/www.calespachs.com\/wp-content\/uploads\/2023\/07\/mapa-cales-1024x616.png 1024w, https:\/\/www.calespachs.com\/wp-content\/uploads\/2023\/07\/mapa-cales-300x181.png 300w, https:\/\/www.calespachs.com\/wp-content\/uploads\/2023\/07\/mapa-cales-768x462.png 768w, https:\/\/www.calespachs.com\/wp-content\/uploads\/2023\/07\/mapa-cales.png 1153w\" sizes=\"auto, (max-width: 1024px) 100vw, 1024px\" \/><div class=\"wp-block-cover__inner-container is-layout-flow wp-block-cover-is-layout-flow\">\n<p class=\"has-text-align-left has-medium-font-size\"><strong>EXPORTACI\u00d3N Y VENDAS<\/strong><\/p>\n\n\n\n<p>Actualmente, los productos que elabora el Grupo Cales de Pachs se exportan a todo el mundo, y seguimos invirtiendo en nuestro crecimiento. El destino de la producci\u00f3n de la empresa es muy diversificado. Los principales clientes de Cales de Pachs son el sector de la Siderurgia, el Papel, la Agricultura, la Miner\u00eda y el Medio Ambiente.<\/p>\n<\/div><\/div>\n\n\n\n<div class=\"wp-block-columns align-center justify-center has-background is-layout-flex wp-container-core-columns-is-layout-9d6595d7 wp-block-columns-is-layout-flex\" style=\"background-color:#ffffff54\">\n<div class=\"wp-block-column is-layout-flow wp-block-column-is-layout-flow\">\n<p class=\"has-large-font-size\">PRODUCTOS INNOVADORES, EL SELLO DE NUESTRA EMPRESA<\/p>\n\n\n\n<p>En Cales de Pachs invertimos buena parte de lo que facturamos en investigaci\u00f3n, lo que nos ha permitido convertirnos en un referente en el desarrollo de productos a medida. Desde hace a\u00f1os colaboramos con centros de referencia en investigaci\u00f3n para realizar aplicaciones diversas y originales para la cal, creando productos \u00fanicos.<\/p>\n<\/div>\n\n\n\n<div class=\"wp-block-column productos-slider-parent is-layout-flow wp-block-column-is-layout-flow\"><div id=\"parent-productos-slider\" class=\"w-full\"><div id=\"productos-slider\" class=\"w-full flexslider\"><ul class=\"slides\"><li><p class=\"flex-caption\">Absorbente de humedad<\/p><\/li><li><p class=\"flex-caption\">Producci\u00f3n de ladrillos s\u00edlico-calc\u00e1reos<\/p><\/li><li><p class=\"flex-caption\">Tratamiento de lodos<\/p><\/li><li><p class=\"flex-caption\">Producci\u00f3n de cemento expansivo<\/p><\/li><li><p class=\"flex-caption\">Tratamiento de aguas residuales<\/p><\/li><li><p class=\"flex-caption\">Aditivo para el hormig\u00f3n de retracci\u00f3n compensada<\/p><\/li><li><p class=\"flex-caption\">Elaboraci\u00f3n de jabones c\u00e1lcicos para alimentaci\u00f3n animal<\/p><\/li><li><p class=\"flex-caption\">Absorbente de humedad<\/p><\/li><li><p class=\"flex-caption\">Tratamiento de aguas residuales<\/p><\/li><li><p class=\"flex-caption\">Tratamiento de lodos<\/p><\/li><li><p class=\"flex-caption\">Tratamiento de gases<\/p><\/li><\/ul><\/div><\/div><script>( function( $ ) {\n        $(window).load(function() {\n            var sliderOptions = {\n                animation: \"slide\",\n                animationLoop: true,\n                itemWidth: 250,\n                minItems: 1,\n                maxItems: 2,\n                itemMargin: 5,\n                move:1,\n            };jQuery('#productos-slider').flexslider(sliderOptions);\n            });\n        }( jQuery ) );\n     <\/script>\n<\/div>\n<\/div>\n\n\n\n<div class=\"wp-block-columns is-layout-flex wp-container-core-columns-is-layout-9d6595d7 wp-block-columns-is-layout-flex\">\n<div class=\"wp-block-column is-layout-flow wp-block-column-is-layout-flow\">\n<figure class=\"wp-block-image size-large\"><img loading=\"lazy\" decoding=\"async\" width=\"1024\" height=\"768\" src=\"http:\/\/calespachs.local.jamgo.org\/wp-content\/uploads\/2023\/07\/img-head-scaled-1-1024x768.jpg\" alt=\"\" class=\"wp-image-522\" srcset=\"https:\/\/www.calespachs.com\/wp-content\/uploads\/2023\/07\/img-head-scaled-1-1024x768.jpg 1024w, https:\/\/www.calespachs.com\/wp-content\/uploads\/2023\/07\/img-head-scaled-1-300x225.jpg 300w, https:\/\/www.calespachs.com\/wp-content\/uploads\/2023\/07\/img-head-scaled-1-768x576.jpg 768w, https:\/\/www.calespachs.com\/wp-content\/uploads\/2023\/07\/img-head-scaled-1-1536x1152.jpg 1536w, https:\/\/www.calespachs.com\/wp-content\/uploads\/2023\/07\/img-head-scaled-1-2048x1536.jpg 2048w\" sizes=\"auto, (max-width: 1024px) 100vw, 1024px\" \/><\/figure>\n<\/div>\n\n\n\n<div class=\"wp-block-column is-layout-flow wp-block-column-is-layout-flow\">\n<p class=\"has-large-font-size\">UNA GRAN COMPA\u00d1\u00cdA, CON SEDES EN LA PEN\u00cdNSULA IB\u00c9RICA<\/p>\n\n\n\n<p>El Grupo Cales de Pachs cuenta actualmente con tres canteras de extracci\u00f3n, en Pacs del Pened\u00e8s, Vilanova i la Geltr\u00fa y Portugal, y tres plantas de producci\u00f3n, una en Pacs del Pened\u00e8s y dos Portugal. Desde su fundaci\u00f3n el grupo se ha ido expandiendo, e incluye participaciones en diferentes empresas del sector de la cal, y otras dedicadas a actividades complementarias.<\/p>\n\n\n\n<div class=\"wp-block-buttons is-content-justification-center is-layout-flex wp-container-core-buttons-is-layout-16018d1d wp-block-buttons-is-layout-flex\">\n<div class=\"wp-block-button\"><a class=\"wp-block-button__link has-black-color has-text-color has-background wp-element-button\" href=\"http:\/\/calespachs.local.jamgo.org\/es\/sedes-de-la-empresa\/\" style=\"border-radius:16px;background-color:#ffe279\">M\u00c1S INFORMACI\u00d3N<\/a><\/div>\n<\/div>\n<\/div>\n<\/div>\n","protected":false},"excerpt":{"rendered":"<p>CALES DE PACHS: VALORES FAMILIARES, ESP\u00cdRITU INNOVADOR El Grupo Cales de Pachs, fundado en 1967, somos la empresa l\u00edder en Catalu\u00f1a en la fabricaci\u00f3n de \u00f3xido c\u00e1lcico, de hidr\u00f3xido c\u00e1lcico y \u00f3xido de magnesio. De tradici\u00f3n familiar, a lo largo de m\u00e1s de 50 a\u00f1os hemos basado nuestra estrategia de crecimiento en I+D+i para dar [&hellip;]<\/p>\n","protected":false},"author":1,"featured_media":70,"parent":0,"menu_order":0,"comment_status":"closed","ping_status":"closed","template":"template\/homepage.php","meta":{"_acf_changed":false,"footnotes":""},"class_list":["post-1282","page","type-page","status-publish","has-post-thumbnail","hentry"],"acf":[],"_links":{"self":[{"href":"https:\/\/www.calespachs.com\/es\/wp-json\/wp\/v2\/pages\/1282","targetHints":{"allow":["GET"]}}],"collection":[{"href":"https:\/\/www.calespachs.com\/es\/wp-json\/wp\/v2\/pages"}],"about":[{"href":"https:\/\/www.calespachs.com\/es\/wp-json\/wp\/v2\/types\/page"}],"author":[{"embeddable":true,"href":"https:\/\/www.calespachs.com\/es\/wp-json\/wp\/v2\/users\/1"}],"replies":[{"embeddable":true,"href":"https:\/\/www.calespachs.com\/es\/wp-json\/wp\/v2\/comments?post=1282"}],"version-history":[{"count":24,"href":"https:\/\/www.calespachs.com\/es\/wp-json\/wp\/v2\/pages\/1282\/revisions"}],"predecessor-version":[{"id":2050,"href":"https:\/\/www.calespachs.com\/es\/wp-json\/wp\/v2\/pages\/1282\/revisions\/2050"}],"wp:featuredmedia":[{"embeddable":true,"href":"https:\/\/www.calespachs.com\/es\/wp-json\/wp\/v2\/media\/70"}],"wp:attachment":[{"href":"https:\/\/www.calespachs.com\/es\/wp-json\/wp\/v2\/media?parent=1282"}],"curies":[{"name":"wp","href":"https:\/\/api.w.org\/{rel}","templated":true}]}}