{"id":1102,"date":"2023-07-26T17:58:25","date_gmt":"2023-07-26T17:58:25","guid":{"rendered":"http:\/\/calespachs.local.jamgo.org\/actualidad\/"},"modified":"2023-11-12T17:50:23","modified_gmt":"2023-11-12T17:50:23","slug":"actualidad","status":"publish","type":"page","link":"https:\/\/www.calespachs.com\/es\/actualidad\/","title":{"rendered":"ACTUALIDAD"},"content":{"rendered":"\n<div class=\"wp-block-columns is-layout-flex wp-container-core-columns-is-layout-9d6595d7 wp-block-columns-is-layout-flex\">\n<div class=\"wp-block-column is-layout-flow wp-block-column-is-layout-flow\">\n<p class=\"has-text-align-center has-black-color has-text-color has-x-large-font-size\">RECONOCIMIENTOS<\/p>\n\n\n<div id=\"list-Reconeixements\"><ul class=\"latest-posts-list flex flex-col md:grid grid-cols-3 gap-6 list-none\"><li><div class=\"latest-posts-featured-image mb-3\"><a href=\"https:\/\/www.calespachs.com\/es\/cales-de-pachs-gana-el-premio-fegp-a-la-innovacion\/\" aria-label=\"CALES DE PACHS GANA EL PREMIO FEGP A LA INNOVACI\u00d3N\"><img loading=\"lazy\" decoding=\"async\" width=\"500\" height=\"333\" src=\"https:\/\/www.calespachs.com\/wp-content\/uploads\/2023\/08\/FEGP-Innovacio-bona-1.png\" class=\"attachment-large size-large wp-post-image\" alt=\"\" srcset=\"https:\/\/www.calespachs.com\/wp-content\/uploads\/2023\/08\/FEGP-Innovacio-bona-1.png 500w, https:\/\/www.calespachs.com\/wp-content\/uploads\/2023\/08\/FEGP-Innovacio-bona-1-300x200.png 300w\" sizes=\"auto, (max-width: 500px) 100vw, 500px\" \/><\/a><\/div><a class=\"latest-posts-post-title\" href=\"https:\/\/www.calespachs.com\/es\/cales-de-pachs-gana-el-premio-fegp-a-la-innovacion\/\">CALES DE PACHS GANA EL PREMIO FEGP A LA INNOVACI\u00d3N<\/a><\/li><li><div class=\"latest-posts-featured-image mb-3\"><a href=\"https:\/\/www.calespachs.com\/es\/premio-nacional-de-medio-ambiente-del-ministerio-de-transicion-ecologica-y-reto-demografico\/\" aria-label=\"PREMIO NACIONAL DE MEDIO AMBIENTE DEL MINISTERIO DE TRANSICI\u00d3N ECOL\u00d3GICA Y RETO DEMOGR\u00c1FICO\"><img loading=\"lazy\" decoding=\"async\" width=\"500\" height=\"334\" src=\"https:\/\/www.calespachs.com\/wp-content\/uploads\/2023\/08\/Ministra-i-XAvi-Premi-NAcinoal-MA-bona.png\" class=\"attachment-large size-large wp-post-image\" alt=\"\" srcset=\"https:\/\/www.calespachs.com\/wp-content\/uploads\/2023\/08\/Ministra-i-XAvi-Premi-NAcinoal-MA-bona.png 500w, https:\/\/www.calespachs.com\/wp-content\/uploads\/2023\/08\/Ministra-i-XAvi-Premi-NAcinoal-MA-bona-300x200.png 300w\" sizes=\"auto, (max-width: 500px) 100vw, 500px\" \/><\/a><\/div><a class=\"latest-posts-post-title\" href=\"https:\/\/www.calespachs.com\/es\/premio-nacional-de-medio-ambiente-del-ministerio-de-transicion-ecologica-y-reto-demografico\/\">PREMIO NACIONAL DE MEDIO AMBIENTE DEL MINISTERIO DE TRANSICI\u00d3N ECOL\u00d3GICA Y RETO DEMOGR\u00c1FICO<\/a><\/li><li><div class=\"latest-posts-featured-image mb-3\"><a href=\"https:\/\/www.calespachs.com\/es\/premio-talento-camara-2021-en-la-categoria-de-transicion-energetica\/\" aria-label=\"PREMIO TALENTO C\u00c1MARA 2021 EN LA CATEGOR\u00cdA DE TRANSICI\u00d3N ENERG\u00c9TICA\"><img loading=\"lazy\" decoding=\"async\" width=\"640\" height=\"427\" src=\"https:\/\/www.calespachs.com\/wp-content\/uploads\/2023\/07\/Premi-Talentum-e1695473496486.jpg\" class=\"attachment-large size-large wp-post-image\" alt=\"\" \/><\/a><\/div><a class=\"latest-posts-post-title\" href=\"https:\/\/www.calespachs.com\/es\/premio-talento-camara-2021-en-la-categoria-de-transicion-energetica\/\">PREMIO TALENTO C\u00c1MARA 2021 EN LA CATEGOR\u00cdA DE TRANSICI\u00d3N ENERG\u00c9TICA<\/a><\/li><li><div class=\"latest-posts-featured-image mb-3\"><a href=\"https:\/\/www.calespachs.com\/es\/reconocimiento-a-calas-de-pachs-por-la-apuesta-innovadora\/\" aria-label=\"RECONOCIMIENTO A CALAS DE PACHS POR LA APUESTA INNOVADORA\"><img loading=\"lazy\" decoding=\"async\" width=\"640\" height=\"427\" src=\"https:\/\/www.calespachs.com\/wp-content\/uploads\/2023\/07\/Cales-de-Pachs-020-e1695473793969.jpg\" class=\"attachment-large size-large wp-post-image\" alt=\"\" \/><\/a><\/div><a class=\"latest-posts-post-title\" href=\"https:\/\/www.calespachs.com\/es\/reconocimiento-a-calas-de-pachs-por-la-apuesta-innovadora\/\">RECONOCIMIENTO A CALAS DE PACHS POR LA APUESTA INNOVADORA<\/a><\/li><li><div class=\"latest-posts-featured-image mb-3\"><a href=\"https:\/\/www.calespachs.com\/es\/premio-uep-2016-a-la-accidentabilidad-0\/\" aria-label=\"PREMIO UEP 2016 A LA ACCIDENTABILIDAD 0\"><img loading=\"lazy\" decoding=\"async\" width=\"500\" height=\"334\" src=\"https:\/\/www.calespachs.com\/wp-content\/uploads\/2023\/07\/Premi-UEP-2016-1.png\" class=\"attachment-large size-large wp-post-image\" alt=\"\" srcset=\"https:\/\/www.calespachs.com\/wp-content\/uploads\/2023\/07\/Premi-UEP-2016-1.png 500w, https:\/\/www.calespachs.com\/wp-content\/uploads\/2023\/07\/Premi-UEP-2016-1-300x200.png 300w\" sizes=\"auto, (max-width: 500px) 100vw, 500px\" \/><\/a><\/div><a class=\"latest-posts-post-title\" href=\"https:\/\/www.calespachs.com\/es\/premio-uep-2016-a-la-accidentabilidad-0\/\">PREMIO UEP 2016 A LA ACCIDENTABILIDAD 0<\/a><\/li><li><div class=\"latest-posts-featured-image mb-3\"><a href=\"https:\/\/www.calespachs.com\/es\/premio-medio-ambiente-2008-de-la-generalitat-de-catalunya\/\" aria-label=\"PREMIO MEDIO AMBIENTE 2008 DE LA GENERALITAT DE CATALUNYA\"><img loading=\"lazy\" decoding=\"async\" width=\"640\" height=\"425\" src=\"https:\/\/www.calespachs.com\/wp-content\/uploads\/2023\/07\/Premi-MA-Generalitat-e1695478906942.jpg\" class=\"attachment-large size-large wp-post-image\" alt=\"\" \/><\/a><\/div><a class=\"latest-posts-post-title\" href=\"https:\/\/www.calespachs.com\/es\/premio-medio-ambiente-2008-de-la-generalitat-de-catalunya\/\">PREMIO MEDIO AMBIENTE 2008 DE LA GENERALITAT DE CATALUNYA<\/a><\/li><\/ul><\/div><div class=\"pagination flex justify-end space-x-6\"><a href=\"#\" class=\"load-more-posts current\" data-page=\"1\" data-category=\"Reconeixements\">1<\/a><a href=\"#\" class=\"load-more-posts \" data-page=\"2\" data-category=\"Reconeixements\">2<\/a><a href=\"#\" class=\"load-more-posts\" data-page=\"2\" data-category=\"Reconeixements\"> > <\/a><\/div>\n<\/div>\n<\/div>\n\n<div class=\"wp-block-columns transparencia33 is-layout-flex wp-container-core-columns-is-layout-9d6595d7 wp-block-columns-is-layout-flex\">\n<div class=\"wp-block-column is-layout-flow wp-block-column-is-layout-flow\">\n<p class=\"has-text-align-center has-black-color has-text-color has-x-large-font-size\">ACTUALIDAD<\/p>\n\n\n<div id=\"list-Actualitat\"><ul class=\"latest-posts-list flex flex-col md:grid grid-cols-3 gap-6 list-none\"><li><div class=\"latest-posts-featured-image mb-3\"><a href=\"https:\/\/www.calespachs.com\/es\/cales-de-pachs-inicia-una-prueba-piloto-para-conseguir-la-neutralidad-en-las-emisiones-de-co2\/\" aria-label=\"Cales de Pachs inicia una prueba piloto para conseguir la neutralidad en las emisiones de CO2\"><img loading=\"lazy\" decoding=\"async\" width=\"640\" height=\"360\" src=\"https:\/\/www.calespachs.com\/wp-content\/uploads\/2025\/07\/Cales-de-Pachs-captura-1-1024x576.jpg\" class=\"attachment-large size-large wp-post-image\" alt=\"\" srcset=\"https:\/\/www.calespachs.com\/wp-content\/uploads\/2025\/07\/Cales-de-Pachs-captura-1-1024x576.jpg 1024w, https:\/\/www.calespachs.com\/wp-content\/uploads\/2025\/07\/Cales-de-Pachs-captura-1-300x169.jpg 300w, https:\/\/www.calespachs.com\/wp-content\/uploads\/2025\/07\/Cales-de-Pachs-captura-1-768x432.jpg 768w, https:\/\/www.calespachs.com\/wp-content\/uploads\/2025\/07\/Cales-de-Pachs-captura-1.jpg 1422w\" sizes=\"auto, (max-width: 640px) 100vw, 640px\" \/><\/a><\/div><a class=\"latest-posts-post-title\" href=\"https:\/\/www.calespachs.com\/es\/cales-de-pachs-inicia-una-prueba-piloto-para-conseguir-la-neutralidad-en-las-emisiones-de-co2\/\">Cales de Pachs inicia una prueba piloto para conseguir la neutralidad en las emisiones de CO2<\/a><\/li><li><div class=\"latest-posts-featured-image mb-3\"><a href=\"https:\/\/www.calespachs.com\/es\/cales-de-pachs-compra-una-finca-de-61-ha-para-consolidar-la-apuesta-por-un-entorno-sostenible\/\" aria-label=\"Cales de Pachs compra una finca de 6,1 ha para consolidar la apuesta por un entorno sostenible\"><img loading=\"lazy\" decoding=\"async\" width=\"500\" height=\"332\" src=\"https:\/\/www.calespachs.com\/wp-content\/uploads\/2023\/07\/admin-ajax-2.png\" class=\"attachment-large size-large wp-post-image\" alt=\"\" srcset=\"https:\/\/www.calespachs.com\/wp-content\/uploads\/2023\/07\/admin-ajax-2.png 500w, https:\/\/www.calespachs.com\/wp-content\/uploads\/2023\/07\/admin-ajax-2-300x199.png 300w\" sizes=\"auto, (max-width: 500px) 100vw, 500px\" \/><\/a><\/div><a class=\"latest-posts-post-title\" href=\"https:\/\/www.calespachs.com\/es\/cales-de-pachs-compra-una-finca-de-61-ha-para-consolidar-la-apuesta-por-un-entorno-sostenible\/\">Cales de Pachs compra una finca de 6,1 ha para consolidar la apuesta por un entorno sostenible<\/a><\/li><li><div class=\"latest-posts-featured-image mb-3\"><a href=\"https:\/\/www.calespachs.com\/es\/cales-de-pachs-el-icn2-y-sorigue-prueban-un-material-que-permite-capturar-co2-en-superficies\/\" aria-label=\"Cales de Pachs, el ICN2 y Sorigu\u00e9 prueban un material que permite capturar CO2 en superficies\"><img loading=\"lazy\" decoding=\"async\" width=\"500\" height=\"333\" src=\"https:\/\/www.calespachs.com\/wp-content\/uploads\/2023\/04\/admin-ajax.png\" class=\"attachment-large size-large wp-post-image\" alt=\"\" srcset=\"https:\/\/www.calespachs.com\/wp-content\/uploads\/2023\/04\/admin-ajax.png 500w, https:\/\/www.calespachs.com\/wp-content\/uploads\/2023\/04\/admin-ajax-300x200.png 300w\" sizes=\"auto, (max-width: 500px) 100vw, 500px\" \/><\/a><\/div><a class=\"latest-posts-post-title\" href=\"https:\/\/www.calespachs.com\/es\/cales-de-pachs-el-icn2-y-sorigue-prueban-un-material-que-permite-capturar-co2-en-superficies\/\">Cales de Pachs, el ICN2 y Sorigu\u00e9 prueban un material que permite capturar CO2 en superficies<\/a><\/li><li><div class=\"latest-posts-featured-image mb-3\"><a href=\"https:\/\/www.calespachs.com\/es\/cales-de-pachs-cierra-el-ano-2022-batiendo-su-record-de-facturacion\/\" aria-label=\"Cales de Pachs cierra el a\u00f1o 2022 batiendo su r\u00e9cord de facturaci\u00f3n\"><img loading=\"lazy\" decoding=\"async\" width=\"640\" height=\"480\" src=\"https:\/\/www.calespachs.com\/wp-content\/uploads\/2023\/07\/Cales-de-Pachs-003-e1699815661658.jpg\" class=\"attachment-large size-large wp-post-image\" alt=\"\" \/><\/a><\/div><a class=\"latest-posts-post-title\" href=\"https:\/\/www.calespachs.com\/es\/cales-de-pachs-cierra-el-ano-2022-batiendo-su-record-de-facturacion\/\">Cales de Pachs cierra el a\u00f1o 2022 batiendo su r\u00e9cord de facturaci\u00f3n<\/a><\/li><li><div class=\"latest-posts-featured-image mb-3\"><a href=\"https:\/\/www.calespachs.com\/es\/la-cal-es-capaz-de-capturar-hasta-el-40-del-co2-que-se-emite-durante-su-fabricacion-2\/\" aria-label=\"La cal es capaz de capturar hasta el 40% del CO2 que se emite durante su fabricaci\u00f3n\"><img loading=\"lazy\" decoding=\"async\" width=\"640\" height=\"479\" src=\"https:\/\/www.calespachs.com\/wp-content\/uploads\/2023\/09\/P1010129-e1699815737871.jpg\" class=\"attachment-large size-large wp-post-image\" alt=\"\" \/><\/a><\/div><a class=\"latest-posts-post-title\" href=\"https:\/\/www.calespachs.com\/es\/la-cal-es-capaz-de-capturar-hasta-el-40-del-co2-que-se-emite-durante-su-fabricacion-2\/\">La cal es capaz de capturar hasta el 40% del CO2 que se emite durante su fabricaci\u00f3n<\/a><\/li><li><div class=\"latest-posts-featured-image mb-3\"><a href=\"https:\/\/www.calespachs.com\/es\/la-cal-es-capaz-de-capturar-hasta-el-40-del-co2-que-se-emite-durante-su-fabricacion\/\" aria-label=\"La cal es capaz de capturar hasta el 40% del CO2 que se emite durante su fabricaci\u00f3n\"><img loading=\"lazy\" decoding=\"async\" width=\"500\" height=\"333\" src=\"https:\/\/www.calespachs.com\/wp-content\/uploads\/2022\/07\/Torrent.png\" class=\"attachment-large size-large wp-post-image\" alt=\"\" srcset=\"https:\/\/www.calespachs.com\/wp-content\/uploads\/2022\/07\/Torrent.png 500w, https:\/\/www.calespachs.com\/wp-content\/uploads\/2022\/07\/Torrent-300x200.png 300w\" sizes=\"auto, (max-width: 500px) 100vw, 500px\" \/><\/a><\/div><a class=\"latest-posts-post-title\" href=\"https:\/\/www.calespachs.com\/es\/la-cal-es-capaz-de-capturar-hasta-el-40-del-co2-que-se-emite-durante-su-fabricacion\/\">La cal es capaz de capturar hasta el 40% del CO2 que se emite durante su fabricaci\u00f3n<\/a><\/li><\/ul><\/div><div class=\"pagination flex justify-end space-x-6\"><a href=\"#\" class=\"load-more-posts current\" data-page=\"1\" data-category=\"Actualitat\">1<\/a><a href=\"#\" class=\"load-more-posts \" data-page=\"2\" data-category=\"Actualitat\">2<\/a><a href=\"#\" class=\"load-more-posts \" data-page=\"3\" data-category=\"Actualitat\">3<\/a><a href=\"#\" class=\"load-more-posts\" data-page=\"3\" data-category=\"Actualitat\"> > <\/a><\/div>\n<\/div>\n<\/div>\n","protected":false},"excerpt":{"rendered":"<p>RECONOCIMIENTOS ACTUALIDAD<\/p>\n","protected":false},"author":1,"featured_media":338,"parent":0,"menu_order":0,"comment_status":"closed","ping_status":"closed","template":"template\/template-actualitat.php","meta":{"_acf_changed":false,"footnotes":""},"class_list":["post-1102","page","type-page","status-publish","has-post-thumbnail","hentry"],"acf":[],"_links":{"self":[{"href":"https:\/\/www.calespachs.com\/es\/wp-json\/wp\/v2\/pages\/1102","targetHints":{"allow":["GET"]}}],"collection":[{"href":"https:\/\/www.calespachs.com\/es\/wp-json\/wp\/v2\/pages"}],"about":[{"href":"https:\/\/www.calespachs.com\/es\/wp-json\/wp\/v2\/types\/page"}],"author":[{"embeddable":true,"href":"https:\/\/www.calespachs.com\/es\/wp-json\/wp\/v2\/users\/1"}],"replies":[{"embeddable":true,"href":"https:\/\/www.calespachs.com\/es\/wp-json\/wp\/v2\/comments?post=1102"}],"version-history":[{"count":1,"href":"https:\/\/www.calespachs.com\/es\/wp-json\/wp\/v2\/pages\/1102\/revisions"}],"predecessor-version":[{"id":1103,"href":"https:\/\/www.calespachs.com\/es\/wp-json\/wp\/v2\/pages\/1102\/revisions\/1103"}],"wp:featuredmedia":[{"embeddable":true,"href":"https:\/\/www.calespachs.com\/es\/wp-json\/wp\/v2\/media\/338"}],"wp:attachment":[{"href":"https:\/\/www.calespachs.com\/es\/wp-json\/wp\/v2\/media?parent=1102"}],"curies":[{"name":"wp","href":"https:\/\/api.w.org\/{rel}","templated":true}]}}