{"id":1063,"date":"2023-07-25T12:27:38","date_gmt":"2023-07-25T12:27:38","guid":{"rendered":"http:\/\/calespachs.local.jamgo.org\/quienes-somos\/"},"modified":"2024-07-29T16:46:39","modified_gmt":"2024-07-29T16:46:39","slug":"quienes-somos","status":"publish","type":"page","link":"https:\/\/www.calespachs.com\/es\/quienes-somos\/","title":{"rendered":"QUIENES SOMOS"},"content":{"rendered":"\n<p><\/p>\n\n\n\n<div class=\"wp-block-columns is-layout-flex wp-container-core-columns-is-layout-9d6595d7 wp-block-columns-is-layout-flex\">\n<div class=\"wp-block-column is-layout-flow wp-block-column-is-layout-flow\">\n<p><\/p>\n\n\n\n<p class=\"has-text-align-center has-medium-font-size\">Cales de Pachs somos una empresa familiar l\u00edder en la fabricaci\u00f3n de nuevos productos a base de \u00f3xido c\u00e1lcico e hidr\u00f3xido c\u00e1lcico. Nuestra trayectoria en el mercado de la cal se remonta a 1967, y la apuesta por el I+D nos ha posicionado como un referente en el sector de la cal.<\/p>\n<\/div>\n<\/div>\n\n\n\n<p class=\"has-text-align-center mb-0 has-black-color has-text-color has-background has-x-large-font-size\" style=\"background-color:#ffffff54\">HISTORIA<\/p>\n\n\n<div id=\"parent-historia-slider\" class=\"w-full\"><div id=\"historia-slider\" class=\"w-full \"><ul class=\"slides\"><li><img loading=\"lazy\" decoding=\"async\" width=\"850\" height=\"330\" src=\"https:\/\/www.calespachs.com\/wp-content\/uploads\/2023\/07\/f4fa85763fd7b573414956066f8853130b894410.png\" class=\"attachment-post-thumbnail size-post-thumbnail wp-post-image\" alt=\"\" srcset=\"https:\/\/www.calespachs.com\/wp-content\/uploads\/2023\/07\/f4fa85763fd7b573414956066f8853130b894410.png 850w, https:\/\/www.calespachs.com\/wp-content\/uploads\/2023\/07\/f4fa85763fd7b573414956066f8853130b894410-300x116.png 300w, https:\/\/www.calespachs.com\/wp-content\/uploads\/2023\/07\/f4fa85763fd7b573414956066f8853130b894410-768x298.png 768w\" sizes=\"auto, (max-width: 850px) 100vw, 850px\" \/><p class=\"flex flex-col justify-start items-start\"><div class=\"flex w-full justify-start\"><h4 class=\"flex-none mr-1\">1967<\/h4>\n<hr class=\"dotted flex-1\"><\/div><span><p id=\"tw-target-text\" class=\"tw-data-text tw-text-large tw-ta\" dir=\"ltr\" data-placeholder=\"Traducci\u00f3\" aria-label=\"Text tradu\u00eft\" data-ved=\"2ahUKEwi4o6Xf18yHAxWvTqQEHVUrF1oQ3ewLegQICRAU\"><span class=\"Y2IQFc\" lang=\"es\">Cales de Pachs S.A. fue fundada el 9 de octubre de 1967. La familia Gran\u00e9 se dedicaba al sector de la cal desde los a\u00f1os veinte, y en 1967 compraron una antigua f\u00e1brica situada en el pueblo de Pacs del Pened\u00e8s para avanzar en la producci\u00f3n industrial de cal. M\u00e1s tarde, la empresa se traslad\u00f3 a la monta\u00f1a de Sant Jaume donde se encuentran actualmente las instalaciones de la compa\u00f1\u00eda.<\/span><\/p><\/span><\/p><\/li><li><img loading=\"lazy\" decoding=\"async\" width=\"850\" height=\"330\" src=\"https:\/\/www.calespachs.com\/wp-content\/uploads\/2023\/07\/Cales-Pachs-1971-1.jpg\" class=\"attachment-post-thumbnail size-post-thumbnail wp-post-image\" alt=\"\" srcset=\"https:\/\/www.calespachs.com\/wp-content\/uploads\/2023\/07\/Cales-Pachs-1971-1.jpg 850w, https:\/\/www.calespachs.com\/wp-content\/uploads\/2023\/07\/Cales-Pachs-1971-1-300x116.jpg 300w, https:\/\/www.calespachs.com\/wp-content\/uploads\/2023\/07\/Cales-Pachs-1971-1-768x298.jpg 768w\" sizes=\"auto, (max-width: 850px) 100vw, 850px\" \/><p class=\"flex flex-col justify-start items-start\"><div class=\"flex w-full justify-start\"><h4 class=\"flex-none mr-1\">1971<\/h4>\n<hr class=\"dotted flex-1\"><\/div><span>En 1971 se inaugur\u00f3 un nuevo horno rotatorio con intercambiador de calor y combustible l\u00edquido, el primero de estas caracter\u00edsticas en Espa\u00f1a. Gracias a esta nueva tecnolog\u00eda se consigue un importante aumento de la calidad y un mayor ahorro de costes.<\/span><\/p><\/li><li><img loading=\"lazy\" decoding=\"async\" width=\"850\" height=\"330\" src=\"https:\/\/www.calespachs.com\/wp-content\/uploads\/2023\/07\/b5c400040bdcdd7109f810e36743fa53b7261deb.png\" class=\"attachment-post-thumbnail size-post-thumbnail wp-post-image\" alt=\"\" srcset=\"https:\/\/www.calespachs.com\/wp-content\/uploads\/2023\/07\/b5c400040bdcdd7109f810e36743fa53b7261deb.png 850w, https:\/\/www.calespachs.com\/wp-content\/uploads\/2023\/07\/b5c400040bdcdd7109f810e36743fa53b7261deb-300x116.png 300w, https:\/\/www.calespachs.com\/wp-content\/uploads\/2023\/07\/b5c400040bdcdd7109f810e36743fa53b7261deb-768x298.png 768w\" sizes=\"auto, (max-width: 850px) 100vw, 850px\" \/><p class=\"flex flex-col justify-start items-start\"><div class=\"flex w-full justify-start\"><h4 class=\"flex-none mr-1\">1982<\/h4>\n<hr class=\"dotted flex-1\"><\/div><span>En plena crisis energ\u00e9tica, Cales de Pachs decidi\u00f3 cambiar el tipo de combustible que utilizaba para la producci\u00f3n de cal y opt\u00f3 por el uso de carb\u00f3n micronizado, poniendo en funcionamiento la planta de carb\u00f3n el 23 de agosto de 1982.<\/span><\/p><\/li><li><img loading=\"lazy\" decoding=\"async\" width=\"842\" height=\"332\" src=\"https:\/\/www.calespachs.com\/wp-content\/uploads\/2023\/07\/Any-1995.jpg\" class=\"attachment-post-thumbnail size-post-thumbnail wp-post-image\" alt=\"\" srcset=\"https:\/\/www.calespachs.com\/wp-content\/uploads\/2023\/07\/Any-1995.jpg 842w, https:\/\/www.calespachs.com\/wp-content\/uploads\/2023\/07\/Any-1995-300x118.jpg 300w, https:\/\/www.calespachs.com\/wp-content\/uploads\/2023\/07\/Any-1995-768x303.jpg 768w\" sizes=\"auto, (max-width: 842px) 100vw, 842px\" \/><p class=\"flex flex-col justify-start items-start\"><div class=\"flex w-full justify-start\"><h4 class=\"flex-none mr-1\">1995<\/h4>\n<hr class=\"dotted flex-1\"><\/div><span>En 1995 entr\u00f3 en funcionamiento un nuevo horno de doble cuba, que utiliza el sistema de regeneraci\u00f3n para la recuperaci\u00f3n de calor, con un proceso de cocci\u00f3n de cal m\u00e1s avanzado, autocontrol informatizado y ahorro energ\u00e9tico, que asegura la homogeneidad del producto y la m\u00e1xima calidad. Se considera la mejor t\u00e9cnica disponible.<\/span><\/p><\/li><li><img loading=\"lazy\" decoding=\"async\" width=\"850\" height=\"330\" src=\"https:\/\/www.calespachs.com\/wp-content\/uploads\/2023\/07\/Microlime.jpg\" class=\"attachment-post-thumbnail size-post-thumbnail wp-post-image\" alt=\"\" srcset=\"https:\/\/www.calespachs.com\/wp-content\/uploads\/2023\/07\/Microlime.jpg 850w, https:\/\/www.calespachs.com\/wp-content\/uploads\/2023\/07\/Microlime-300x116.jpg 300w, https:\/\/www.calespachs.com\/wp-content\/uploads\/2023\/07\/Microlime-768x298.jpg 768w\" sizes=\"auto, (max-width: 850px) 100vw, 850px\" \/><p class=\"flex flex-col justify-start items-start\"><div class=\"flex w-full justify-start\"><h4 class=\"flex-none mr-1\">2004-2005<\/h4>\n<hr class=\"dotted flex-1\"><\/div><span>Cales de Pachs entra en el mercado portugu\u00e9s de la cal, con la adquisici\u00f3n del 50% de las acciones de la empresa Microlime. Con la participaci\u00f3n de la filial portuguesa, la capacidad de producci\u00f3n aumenta hasta 150.000 toneladas\/a\u00f1o.\r\n\r\n&nbsp;\r\n\r\nEn 2005 tambi\u00e9n se inaugur\u00f3 otro horno regenerativo de doble tanque, similar al inaugurado en 1995, para cocer piedras m\u00e1s peque\u00f1as, permitiendo un mejor aprovechamiento de la materia prima.<\/span><\/p><\/li><li><img loading=\"lazy\" decoding=\"async\" width=\"850\" height=\"330\" src=\"https:\/\/www.calespachs.com\/wp-content\/uploads\/2023\/07\/Estella-fusta-bona.jpg\" class=\"attachment-post-thumbnail size-post-thumbnail wp-post-image\" alt=\"\" srcset=\"https:\/\/www.calespachs.com\/wp-content\/uploads\/2023\/07\/Estella-fusta-bona.jpg 850w, https:\/\/www.calespachs.com\/wp-content\/uploads\/2023\/07\/Estella-fusta-bona-300x116.jpg 300w, https:\/\/www.calespachs.com\/wp-content\/uploads\/2023\/07\/Estella-fusta-bona-768x298.jpg 768w\" sizes=\"auto, (max-width: 850px) 100vw, 850px\" \/><p class=\"flex flex-col justify-start items-start\"><div class=\"flex w-full justify-start\"><h4 class=\"flex-none mr-1\">2007<\/h4>\n<hr class=\"dotted flex-1\"><\/div><span>En 2007, con el objetivo de reducir las emisiones de CO2, se cre\u00f3 una segunda planta para procesar y mezclar biomasa con combustible tradicional.<\/span><\/p><\/li><li><img loading=\"lazy\" decoding=\"async\" width=\"850\" height=\"330\" src=\"https:\/\/www.calespachs.com\/wp-content\/uploads\/2023\/10\/Microlime-bona.jpg\" class=\"attachment-post-thumbnail size-post-thumbnail wp-post-image\" alt=\"\" srcset=\"https:\/\/www.calespachs.com\/wp-content\/uploads\/2023\/10\/Microlime-bona.jpg 850w, https:\/\/www.calespachs.com\/wp-content\/uploads\/2023\/10\/Microlime-bona-300x116.jpg 300w, https:\/\/www.calespachs.com\/wp-content\/uploads\/2023\/10\/Microlime-bona-768x298.jpg 768w\" sizes=\"auto, (max-width: 850px) 100vw, 850px\" \/><p class=\"flex flex-col justify-start items-start\"><div class=\"flex w-full justify-start\"><h4 class=\"flex-none mr-1\">2017-2019<\/h4>\n<hr class=\"dotted flex-1\"><\/div><span>M\u00e1s de una d\u00e9cada despu\u00e9s de entrar en el mercado portugu\u00e9s, Cales de Pachs compr\u00f3 el 100% de las acciones de Microlime y construy\u00f3 una nueva f\u00e1brica para la filial en F\u00e1tima (Portugal). Las nuevas instalaciones permiten a la compa\u00f1\u00eda incrementar su capacidad de producci\u00f3n hasta las 250.000 toneladas\/a\u00f1o.<\/span><\/p><\/li><\/ul><\/div><div class=\"custom-navigation flex flex-row justify-end md:px-32 space-x-10\"><a href=\"#\" class=\"flex-prev arrow-left\"><\/a><div class=\"custom-controls-container\"><\/div><a href=\"#\" class=\"flex-next arrow-right\"><\/a><\/div><\/div><script>( function( $ ) {\n        $(window).load(function() {\n            var sliderOptions = {\n                animation: \"slide\",\n                animationLoop: true,\n                itemWidth: 250,\n                minItems: 1,\n                maxItems: 2,\n                itemMargin: 100,\n                move:1,\n            };sliderOptions.controlsContainer = $(\".custom-controls-container\");\n                     sliderOptions.customDirectionNav = $(\".custom-navigation a\");jQuery('#historia-slider').flexslider(sliderOptions);\n            });\n        }( jQuery ) );\n     <\/script>\n\n\n\n<div class=\"wp-block-columns is-layout-flex wp-container-core-columns-is-layout-9d6595d7 wp-block-columns-is-layout-flex\">\n<div class=\"wp-block-column is-layout-flow wp-block-column-is-layout-flow\">\n<p class=\"has-text-align-center has-black-color has-text-color has-x-large-font-size\">RECONOCIMIENTOS<\/p>\n\n\n<ul class=\"wp-block-latest-posts__list is-grid columns-3 wp-block-latest-posts\"><li><div class=\"wp-block-latest-posts__featured-image\"><a href=\"https:\/\/www.calespachs.com\/es\/cales-de-pachs-gana-el-premio-fegp-a-la-innovacion\/\" aria-label=\"CALES DE PACHS GANA EL PREMIO FEGP A LA INNOVACI\u00d3N\"><img loading=\"lazy\" decoding=\"async\" width=\"500\" height=\"333\" src=\"https:\/\/www.calespachs.com\/wp-content\/uploads\/2023\/08\/FEGP-Innovacio-bona-1.png\" class=\"attachment-large size-large wp-post-image\" alt=\"\" style=\"\" srcset=\"https:\/\/www.calespachs.com\/wp-content\/uploads\/2023\/08\/FEGP-Innovacio-bona-1.png 500w, https:\/\/www.calespachs.com\/wp-content\/uploads\/2023\/08\/FEGP-Innovacio-bona-1-300x200.png 300w\" sizes=\"auto, (max-width: 500px) 100vw, 500px\" \/><\/a><\/div><a class=\"wp-block-latest-posts__post-title\" href=\"https:\/\/www.calespachs.com\/es\/cales-de-pachs-gana-el-premio-fegp-a-la-innovacion\/\">CALES DE PACHS GANA EL PREMIO FEGP A LA INNOVACI\u00d3N<\/a><\/li>\n<li><div class=\"wp-block-latest-posts__featured-image\"><a href=\"https:\/\/www.calespachs.com\/es\/premio-nacional-de-medio-ambiente-del-ministerio-de-transicion-ecologica-y-reto-demografico\/\" aria-label=\"PREMIO NACIONAL DE MEDIO AMBIENTE DEL MINISTERIO DE TRANSICI\u00d3N ECOL\u00d3GICA Y RETO DEMOGR\u00c1FICO\"><img loading=\"lazy\" decoding=\"async\" width=\"500\" height=\"334\" src=\"https:\/\/www.calespachs.com\/wp-content\/uploads\/2023\/08\/Ministra-i-XAvi-Premi-NAcinoal-MA-bona.png\" class=\"attachment-large size-large wp-post-image\" alt=\"\" style=\"\" srcset=\"https:\/\/www.calespachs.com\/wp-content\/uploads\/2023\/08\/Ministra-i-XAvi-Premi-NAcinoal-MA-bona.png 500w, https:\/\/www.calespachs.com\/wp-content\/uploads\/2023\/08\/Ministra-i-XAvi-Premi-NAcinoal-MA-bona-300x200.png 300w\" sizes=\"auto, (max-width: 500px) 100vw, 500px\" \/><\/a><\/div><a class=\"wp-block-latest-posts__post-title\" href=\"https:\/\/www.calespachs.com\/es\/premio-nacional-de-medio-ambiente-del-ministerio-de-transicion-ecologica-y-reto-demografico\/\">PREMIO NACIONAL DE MEDIO AMBIENTE DEL MINISTERIO DE TRANSICI\u00d3N ECOL\u00d3GICA Y RETO DEMOGR\u00c1FICO<\/a><\/li>\n<li><div class=\"wp-block-latest-posts__featured-image\"><a href=\"https:\/\/www.calespachs.com\/es\/premio-talento-camara-2021-en-la-categoria-de-transicion-energetica\/\" aria-label=\"PREMIO TALENTO C\u00c1MARA 2021 EN LA CATEGOR\u00cdA DE TRANSICI\u00d3N ENERG\u00c9TICA\"><img loading=\"lazy\" decoding=\"async\" width=\"640\" height=\"427\" src=\"https:\/\/www.calespachs.com\/wp-content\/uploads\/2023\/07\/Premi-Talentum-e1695473496486.jpg\" class=\"attachment-large size-large wp-post-image\" alt=\"\" style=\"\" \/><\/a><\/div><a class=\"wp-block-latest-posts__post-title\" href=\"https:\/\/www.calespachs.com\/es\/premio-talento-camara-2021-en-la-categoria-de-transicion-energetica\/\">PREMIO TALENTO C\u00c1MARA 2021 EN LA CATEGOR\u00cdA DE TRANSICI\u00d3N ENERG\u00c9TICA<\/a><\/li>\n<\/ul>\n\n\n<div class=\"wp-block-buttons is-content-justification-center is-layout-flex wp-container-core-buttons-is-layout-16018d1d wp-block-buttons-is-layout-flex\">\n<div class=\"wp-block-button miboton-personalizado is-style-fill\"><a class=\"wp-block-button__link has-black-color has-text-color has-background wp-element-button\" href=\"https:\/\/www.calespachs.com\/qui-som-copy\/\" style=\"border-radius:25px;background-color:#ffe279\">M\u00c9S NOT\u00cdCIES<\/a><\/div>\n<\/div>\n<\/div>\n<\/div>\n\n\n\n<div class=\"wp-block-columns transparencia33 is-layout-flex wp-container-core-columns-is-layout-9d6595d7 wp-block-columns-is-layout-flex\">\n<div class=\"wp-block-column is-layout-flow wp-block-column-is-layout-flow\">\n<p class=\"has-text-align-center has-black-color has-text-color has-x-large-font-size\">ACTUALIDAD<\/p>\n\n\n<ul class=\"wp-block-latest-posts__list is-grid columns-3 wp-block-latest-posts\"><li><div class=\"wp-block-latest-posts__featured-image\"><a href=\"https:\/\/www.calespachs.com\/es\/cales-de-pachs-inicia-una-prueba-piloto-para-conseguir-la-neutralidad-en-las-emisiones-de-co2\/\" aria-label=\"Cales de Pachs inicia una prueba piloto para conseguir la neutralidad en las emisiones de CO2\"><img loading=\"lazy\" decoding=\"async\" width=\"640\" height=\"360\" src=\"https:\/\/www.calespachs.com\/wp-content\/uploads\/2025\/07\/Cales-de-Pachs-captura-1-1024x576.jpg\" class=\"attachment-large size-large wp-post-image\" alt=\"\" style=\"\" srcset=\"https:\/\/www.calespachs.com\/wp-content\/uploads\/2025\/07\/Cales-de-Pachs-captura-1-1024x576.jpg 1024w, https:\/\/www.calespachs.com\/wp-content\/uploads\/2025\/07\/Cales-de-Pachs-captura-1-300x169.jpg 300w, https:\/\/www.calespachs.com\/wp-content\/uploads\/2025\/07\/Cales-de-Pachs-captura-1-768x432.jpg 768w, https:\/\/www.calespachs.com\/wp-content\/uploads\/2025\/07\/Cales-de-Pachs-captura-1.jpg 1422w\" sizes=\"auto, (max-width: 640px) 100vw, 640px\" \/><\/a><\/div><a class=\"wp-block-latest-posts__post-title\" href=\"https:\/\/www.calespachs.com\/es\/cales-de-pachs-inicia-una-prueba-piloto-para-conseguir-la-neutralidad-en-las-emisiones-de-co2\/\">Cales de Pachs inicia una prueba piloto para conseguir la neutralidad en las emisiones de CO2<\/a><\/li>\n<li><div class=\"wp-block-latest-posts__featured-image\"><a href=\"https:\/\/www.calespachs.com\/es\/cales-de-pachs-compra-una-finca-de-61-ha-para-consolidar-la-apuesta-por-un-entorno-sostenible\/\" aria-label=\"Cales de Pachs compra una finca de 6,1 ha para consolidar la apuesta por un entorno sostenible\"><img loading=\"lazy\" decoding=\"async\" width=\"500\" height=\"332\" src=\"https:\/\/www.calespachs.com\/wp-content\/uploads\/2023\/07\/admin-ajax-2.png\" class=\"attachment-large size-large wp-post-image\" alt=\"\" style=\"\" srcset=\"https:\/\/www.calespachs.com\/wp-content\/uploads\/2023\/07\/admin-ajax-2.png 500w, https:\/\/www.calespachs.com\/wp-content\/uploads\/2023\/07\/admin-ajax-2-300x199.png 300w\" sizes=\"auto, (max-width: 500px) 100vw, 500px\" \/><\/a><\/div><a class=\"wp-block-latest-posts__post-title\" href=\"https:\/\/www.calespachs.com\/es\/cales-de-pachs-compra-una-finca-de-61-ha-para-consolidar-la-apuesta-por-un-entorno-sostenible\/\">Cales de Pachs compra una finca de 6,1 ha para consolidar la apuesta por un entorno sostenible<\/a><\/li>\n<li><div class=\"wp-block-latest-posts__featured-image\"><a href=\"https:\/\/www.calespachs.com\/es\/cales-de-pachs-el-icn2-y-sorigue-prueban-un-material-que-permite-capturar-co2-en-superficies\/\" aria-label=\"Cales de Pachs, el ICN2 y Sorigu\u00e9 prueban un material que permite capturar CO2 en superficies\"><img loading=\"lazy\" decoding=\"async\" width=\"500\" height=\"333\" src=\"https:\/\/www.calespachs.com\/wp-content\/uploads\/2023\/04\/admin-ajax.png\" class=\"attachment-large size-large wp-post-image\" alt=\"\" style=\"\" srcset=\"https:\/\/www.calespachs.com\/wp-content\/uploads\/2023\/04\/admin-ajax.png 500w, https:\/\/www.calespachs.com\/wp-content\/uploads\/2023\/04\/admin-ajax-300x200.png 300w\" sizes=\"auto, (max-width: 500px) 100vw, 500px\" \/><\/a><\/div><a class=\"wp-block-latest-posts__post-title\" href=\"https:\/\/www.calespachs.com\/es\/cales-de-pachs-el-icn2-y-sorigue-prueban-un-material-que-permite-capturar-co2-en-superficies\/\">Cales de Pachs, el ICN2 y Sorigu\u00e9 prueban un material que permite capturar CO2 en superficies<\/a><\/li>\n<\/ul>\n\n\n<div class=\"wp-block-buttons is-content-justification-center is-layout-flex wp-container-core-buttons-is-layout-16018d1d wp-block-buttons-is-layout-flex\">\n<div class=\"wp-block-button miboton-personalizado is-style-fill\"><a class=\"wp-block-button__link has-black-color has-text-color has-background wp-element-button\" href=\"https:\/\/www.calespachs.com\/qui-som-copy\/\" style=\"border-radius:25px;background-color:#ffe279\">M\u00c9S NOT\u00cdCIES<\/a><\/div>\n<\/div>\n<\/div>\n<\/div>\n\n\n\n<div class=\"wp-block-columns is-layout-flex wp-container-core-columns-is-layout-9d6595d7 wp-block-columns-is-layout-flex\">\n<div class=\"wp-block-column is-layout-flow wp-block-column-is-layout-flow\">\n<h2 class=\"wp-block-heading has-text-align-center mb-10 has-black-color has-text-color has-x-large-font-size\">Pol\u00edticas de empresa<\/h2>\n\n\n\n<p>CALES DE PACHS dispone de las certificaciones ISO 50001:2018, ISO 9001:2015 e ISO 14001:2015. Los certificados los concede BUREAU VERITAS Certification, bajo acreditaci\u00f3n ENAC.<\/p>\n\n\n\n<div class=\"wp-block-buttons is-content-justification-center is-layout-flex wp-container-core-buttons-is-layout-16018d1d wp-block-buttons-is-layout-flex\">\n<div class=\"wp-block-button\"><a class=\"wp-block-button__link has-white-color has-text-color has-background wp-element-button\" href=\"https:\/\/www.calespachs.com\/es\/politica-de-seguridad-y-salud\/\" style=\"border-radius:18px;background-color:#476e60\">M\u00c1S INFORMACI\u00d3N<\/a><\/div>\n<\/div>\n<\/div>\n<\/div>\n","protected":false},"excerpt":{"rendered":"<p>Cales de Pachs somos una empresa familiar l\u00edder en la fabricaci\u00f3n de nuevos productos a base de \u00f3xido c\u00e1lcico e hidr\u00f3xido c\u00e1lcico. Nuestra trayectoria en el mercado de la cal se remonta a 1967, y la apuesta por el I+D nos ha posicionado como un referente en el sector de la cal. HISTORIA RECONOCIMIENTOS ACTUALIDAD [&hellip;]<\/p>\n","protected":false},"author":1,"featured_media":338,"parent":0,"menu_order":0,"comment_status":"closed","ping_status":"closed","template":"template\/template-actualitat.php","meta":{"_acf_changed":false,"footnotes":""},"class_list":["post-1063","page","type-page","status-publish","has-post-thumbnail","hentry"],"acf":[],"_links":{"self":[{"href":"https:\/\/www.calespachs.com\/es\/wp-json\/wp\/v2\/pages\/1063","targetHints":{"allow":["GET"]}}],"collection":[{"href":"https:\/\/www.calespachs.com\/es\/wp-json\/wp\/v2\/pages"}],"about":[{"href":"https:\/\/www.calespachs.com\/es\/wp-json\/wp\/v2\/types\/page"}],"author":[{"embeddable":true,"href":"https:\/\/www.calespachs.com\/es\/wp-json\/wp\/v2\/users\/1"}],"replies":[{"embeddable":true,"href":"https:\/\/www.calespachs.com\/es\/wp-json\/wp\/v2\/comments?post=1063"}],"version-history":[{"count":8,"href":"https:\/\/www.calespachs.com\/es\/wp-json\/wp\/v2\/pages\/1063\/revisions"}],"predecessor-version":[{"id":2019,"href":"https:\/\/www.calespachs.com\/es\/wp-json\/wp\/v2\/pages\/1063\/revisions\/2019"}],"wp:featuredmedia":[{"embeddable":true,"href":"https:\/\/www.calespachs.com\/es\/wp-json\/wp\/v2\/media\/338"}],"wp:attachment":[{"href":"https:\/\/www.calespachs.com\/es\/wp-json\/wp\/v2\/media?parent=1063"}],"curies":[{"name":"wp","href":"https:\/\/api.w.org\/{rel}","templated":true}]}}