{"id":1059,"date":"2023-09-28T14:12:58","date_gmt":"2023-09-28T14:12:58","guid":{"rendered":"http:\/\/calespachs.local.jamgo.org\/politica-de-seguridad-y-salud\/"},"modified":"2024-07-18T12:14:03","modified_gmt":"2024-07-18T12:14:03","slug":"politica-de-seguridad-y-salud","status":"publish","type":"page","link":"https:\/\/www.calespachs.com\/es\/politica-de-seguridad-y-salud\/","title":{"rendered":"POL\u00cdTICA DE SEGURIDAD Y SALUD"},"content":{"rendered":"\n<div class=\"wp-block-columns is-layout-flex wp-container-core-columns-is-layout-9d6595d7 wp-block-columns-is-layout-flex\">\n<div class=\"wp-block-column is-layout-flow wp-block-column-is-layout-flow\">\n<p>La Direcci\u00f3n de la empresa manifiesta su preocupaci\u00f3n por la prevenci\u00f3n de accidentes de trabajo y enfermedades profesionales, as\u00ed como por la mejora continua de las condiciones de Seguridad y Salud en el Trabajo.\r\n\r\n<\/p>\n\n\n\n<p>Como consecuencia de ello, asume el compromiso de IMPLANTAR, LIDERAR y DESARROLLAR un Sistema de Gesti\u00f3n de Prevenci\u00f3n de Riesgos Laborales con el fin de:\r\n\r\n<\/p>\n\n\n\n<ul class=\"wp-block-list has-black-color has-text-color\">\n<li>Evitar accidentes y enfermedades profesionales.<\/li>\n\n\n\n<li>Mejorar la rentabilidad de la empresa.<\/li>\n\n\n\n<li>Cumplir con lo establecido en la Ley de Prevenci\u00f3n y en el Reglamento de los Servicios de Prevenci\u00f3n.<\/li>\n\n\n\n<li>Dicho Sistema de Gesti\u00f3n de Prevenci\u00f3n de Riesgos Laborales se integrar\u00e1 en nuestra GESTI\u00d3N EMPRESARIAL, es decir, en el conjunto de nuestras actividades y decisiones, tanto en los procesos t\u00e9cnicos, en la organizaci\u00f3n del trabajo y en las condiciones en que \u00e9ste se preste, como en la l\u00ednea jer\u00e1rquica, inclu\u00eddos todos los niveles de la misma.\r\n<\/li>\n\n\n\n<li>La Prevenci\u00f3n as\u00ed concebida se convierte en una Responsabilidad de TODOS y CADA UNO de los que trabajamos en la empresa que redundar\u00e1 en beneficio de todos sus miembros, por lo que pedimos la colaboraci\u00f3n decidida de todos, sin la cual no ser\u00eda posible conseguirlo\r\n<\/li>\n\n\n\n<li>La Direcci\u00f3n de la empresa se compromete a proporcionar los recursos adecuados para el desarrollo del Sistema de Gesti\u00f3n de Prevenci\u00f3n de Riesgos Laborales, a difundirlo a todo el personal y a impulsar su cumplimiento\r\n<\/li>\n<\/ul>\n<\/div>\n<\/div>\n\n\n\n<div class=\"wp-block-columns is-layout-flex wp-container-core-columns-is-layout-9d6595d7 wp-block-columns-is-layout-flex\">\n<div class=\"wp-block-column is-vertically-aligned-bottom flex flex-col is-layout-flow wp-block-column-is-layout-flow\">\n<p class=\"mb-o pb-o has-large-font-size\"><strong>Certificados de inscripci\u00f3n<\/strong><\/p>\n\n\n\n<div class=\"wp-block-group\"><div class=\"wp-block-group__inner-container is-layout-constrained wp-block-group-is-layout-constrained\">\n<div class=\"wp-block-columns is-layout-flex wp-container-core-columns-is-layout-9d6595d7 wp-block-columns-is-layout-flex\">\n<div class=\"wp-block-column is-layout-flow wp-block-column-is-layout-flow\"><div class=\"wp-block-image\">\n<figure class=\"aligncenter size-full is-resized\"><img loading=\"lazy\" decoding=\"async\" width=\"488\" height=\"632\" src=\"https:\/\/www.calespachs.com\/wp-content\/uploads\/2024\/07\/pdf.png\" alt=\"\" class=\"wp-image-1940\" style=\"width:99px;height:128px\" srcset=\"https:\/\/www.calespachs.com\/wp-content\/uploads\/2024\/07\/pdf.png 488w, https:\/\/www.calespachs.com\/wp-content\/uploads\/2024\/07\/pdf-232x300.png 232w\" sizes=\"auto, (max-width: 488px) 100vw, 488px\" \/><\/figure>\n<\/div>\n\n\n<p class=\"has-text-align-center has-small-font-size\"><a href=\"https:\/\/www.calespachs.com\/wp-content\/uploads\/2024\/07\/Politica-de-seguridad-y-salud.pdf\"><strong>Pol\u00edtica de seguridad y salud<\/strong><\/a><\/p>\n<\/div>\n\n\n\n<div class=\"wp-block-column is-layout-flow wp-block-column-is-layout-flow\"><div class=\"wp-block-image\">\n<figure class=\"aligncenter size-full is-resized\"><img loading=\"lazy\" decoding=\"async\" width=\"488\" height=\"632\" src=\"https:\/\/www.calespachs.com\/wp-content\/uploads\/2024\/07\/pdf.png\" alt=\"\" class=\"wp-image-1940\" style=\"width:99px;height:128px\" srcset=\"https:\/\/www.calespachs.com\/wp-content\/uploads\/2024\/07\/pdf.png 488w, https:\/\/www.calespachs.com\/wp-content\/uploads\/2024\/07\/pdf-232x300.png 232w\" sizes=\"auto, (max-width: 488px) 100vw, 488px\" \/><\/figure>\n<\/div>\n\n\n<p class=\"has-small-font-size\"><a href=\"https:\/\/www.calespachs.com\/wp-content\/uploads\/2024\/07\/Politica-de-Qualitat-Medi-Ambient-i-Energia-1.pdf\"><strong>Pol\u00edtica de calidad, medio ambiente y energ\u00eda<\/strong><\/a><\/p>\n<\/div>\n\n\n\n<div class=\"wp-block-column is-layout-flow wp-block-column-is-layout-flow\"><\/div>\n<\/div>\n<\/div><\/div>\n<\/div>\n<\/div>\n","protected":false},"excerpt":{"rendered":"<p>La Direcci\u00f3n de la empresa manifiesta su preocupaci\u00f3n por la prevenci\u00f3n de accidentes de trabajo y enfermedades profesionales, as\u00ed como por la mejora continua de las condiciones de Seguridad y Salud en el Trabajo. Como consecuencia de ello, asume el compromiso de IMPLANTAR, LIDERAR y DESARROLLAR un Sistema de Gesti\u00f3n de Prevenci\u00f3n de Riesgos Laborales [&hellip;]<\/p>\n","protected":false},"author":1,"featured_media":987,"parent":0,"menu_order":0,"comment_status":"closed","ping_status":"closed","template":"","meta":{"_acf_changed":false,"footnotes":""},"class_list":["post-1059","page","type-page","status-publish","has-post-thumbnail","hentry"],"acf":[],"_links":{"self":[{"href":"https:\/\/www.calespachs.com\/es\/wp-json\/wp\/v2\/pages\/1059","targetHints":{"allow":["GET"]}}],"collection":[{"href":"https:\/\/www.calespachs.com\/es\/wp-json\/wp\/v2\/pages"}],"about":[{"href":"https:\/\/www.calespachs.com\/es\/wp-json\/wp\/v2\/types\/page"}],"author":[{"embeddable":true,"href":"https:\/\/www.calespachs.com\/es\/wp-json\/wp\/v2\/users\/1"}],"replies":[{"embeddable":true,"href":"https:\/\/www.calespachs.com\/es\/wp-json\/wp\/v2\/comments?post=1059"}],"version-history":[{"count":3,"href":"https:\/\/www.calespachs.com\/es\/wp-json\/wp\/v2\/pages\/1059\/revisions"}],"predecessor-version":[{"id":1988,"href":"https:\/\/www.calespachs.com\/es\/wp-json\/wp\/v2\/pages\/1059\/revisions\/1988"}],"wp:featuredmedia":[{"embeddable":true,"href":"https:\/\/www.calespachs.com\/es\/wp-json\/wp\/v2\/media\/987"}],"wp:attachment":[{"href":"https:\/\/www.calespachs.com\/es\/wp-json\/wp\/v2\/media?parent=1059"}],"curies":[{"name":"wp","href":"https:\/\/api.w.org\/{rel}","templated":true}]}}